{"id":548,"date":"2020-10-26T15:25:03","date_gmt":"2020-10-26T15:25:03","guid":{"rendered":"https:\/\/freiraum-holzgestaltung.de\/woodi\/?post_type=product&#038;p=548"},"modified":"2025-11-17T08:56:03","modified_gmt":"2025-11-17T08:56:03","slug":"bauanleitung-woodi-das-lastenrad-aus-holz-premium-lizenz-privat","status":"publish","type":"product","link":"https:\/\/freiraum-holzgestaltung.de\/woodi\/produkt\/bauanleitung-woodi-das-lastenrad-aus-holz-premium-lizenz-privat\/","title":{"rendered":"Bauanleitung Woodi-Cargo Das Lastenrad aus Holz &#8211; 20 St\u00fcck &#8211; Premium Lizenz Privat-"},"content":{"rendered":"<ul>\n<li><strong>Premium-Lizenz-Privat<\/strong> f\u00fcr private und nichtkommerzielle Nutzung f\u00fcr Schul-, Uni,- sowie Vereinsprojekte.<\/li>\n<li>Detailierte Schritt- f\u00fcr Schritt Lastenrad Baubeschreibung<\/li>\n<li>PDF mit 69 Seiten<\/li>\n<li>95 farbige Abbildungen, Zeichnungen und Tabellen<\/li>\n<li>Grundlagen Holz-Rahmenbau<\/li>\n<li>Lastenrad-Praxis<\/li>\n<li>Erfahrungsberichte<\/li>\n<li>Einbau 2-Gang Bergmotor<\/li>\n<li>Werkstatt-Tipps<\/li>\n<li>Holzauswahl<\/li>\n<li>Extrakapitel Bergsteigf\u00e4higkeit<\/li>\n<li>Hinweise zur Komponentenauswahl<\/li>\n<li>Heck-Schwerlasttr\u00e4ger-Bau fast ganz ohne Schwei\u00dfarbeiten<\/li>\n<li>u.v.m.<\/li>\n<\/ul>\n","protected":false},"excerpt":{"rendered":"<p><strong>Premium-Lizenz-Privat<\/strong> | <strong>Nichtkommerzielle Nutzung f\u00fcr Schul-, Uni,- sowie Vereinsprojekte.<\/strong> <span style=\"color: #000000;\">Vervielf\u00e4ltigungs- und Selbstbaurecht bis zu einer Anzahl von 20 Woodi-Selbstbauten und bis maximal 20 Offline-Kopien der Bauanleitung f\u00fcr private Nutzung und Gebrauch.<\/span><\/p>\n<p><strong>Lastenrad-Bauanleitung | 69 Seiten |<\/strong> <strong>95 Abbildungen, Zeichnungen und Tabellen. <\/strong>Bau-Ratgeber mit Praxis-Tipp\u2019s und detaillierten Schritt-f\u00fcr-Schritt-Anleitungen. Das Lastenrad ist mit einfachen Mitteln kosteng\u00fcnstig zu bauen. Die Zuladung betr\u00e4gt 185 kg (Fahrer + Last). Woodi f\u00e4hrt sich auch ohne Motor angenehm leicht. Als Antrieb kann ein Xiongda-2-Gang Berg-Motor oder ein vergleichbarer Cargo &#8211; E-Bike Heckmotor eingebaut werden.<\/p>\n<ul>\n<li>Hohe Stabilit\u00e4t durch verwindungssteifen Rahmen<\/li>\n<li>Langer Hecktr\u00e4ger (85 cm)<\/li>\n<li>gro\u00dfer Radstand &#8211; extrem spurtreu auch mit Last<\/li>\n<li>Fahrverhalten nah am Normalrad<\/li>\n<li>Bergtauglich bis ca. 15% Steigung auch mit Beifahrer\/In<\/li>\n<li>Einfach und preiswert zu bauen<\/li>\n<li>Auff\u00e4llige Erscheinung &#8211; Ideal auch als Werbetr\u00e4ger<\/li>\n<\/ul>\n","protected":false},"featured_media":543,"comment_status":"open","ping_status":"closed","template":"","meta":[],"product_cat":[26],"product_tag":[],"_links":{"self":[{"href":"https:\/\/freiraum-holzgestaltung.de\/woodi\/wp-json\/wp\/v2\/product\/548"}],"collection":[{"href":"https:\/\/freiraum-holzgestaltung.de\/woodi\/wp-json\/wp\/v2\/product"}],"about":[{"href":"https:\/\/freiraum-holzgestaltung.de\/woodi\/wp-json\/wp\/v2\/types\/product"}],"replies":[{"embeddable":true,"href":"https:\/\/freiraum-holzgestaltung.de\/woodi\/wp-json\/wp\/v2\/comments?post=548"}],"wp:featuredmedia":[{"embeddable":true,"href":"https:\/\/freiraum-holzgestaltung.de\/woodi\/wp-json\/wp\/v2\/media\/543"}],"wp:attachment":[{"href":"https:\/\/freiraum-holzgestaltung.de\/woodi\/wp-json\/wp\/v2\/media?parent=548"}],"wp:term":[{"taxonomy":"product_cat","embeddable":true,"href":"https:\/\/freiraum-holzgestaltung.de\/woodi\/wp-json\/wp\/v2\/product_cat?post=548"},{"taxonomy":"product_tag","embeddable":true,"href":"https:\/\/freiraum-holzgestaltung.de\/woodi\/wp-json\/wp\/v2\/product_tag?post=548"}],"curies":[{"name":"wp","href":"https:\/\/api.w.org\/{rel}","templated":true}]}}