{"id":2614,"date":"2021-04-16T17:31:55","date_gmt":"2021-04-16T17:31:55","guid":{"rendered":"https:\/\/freiraum-holzgestaltung.de\/woodi\/?post_type=product&#038;p=2614"},"modified":"2025-12-15T20:36:36","modified_gmt":"2025-12-15T20:36:36","slug":"fahrradanhaenger-selber-bauen-bauanleitung","status":"publish","type":"product","link":"https:\/\/freiraum-holzgestaltung.de\/woodi\/produkt\/fahrradanhaenger-selber-bauen-bauanleitung\/","title":{"rendered":"Fahrradanh\u00e4nger selber bauen &#8211; Bauanleitung mit Bauzeichnungen f\u00fcr Zwei- und Einachs-Schwerlast-Anh\u00e4nger"},"content":{"rendered":"<p>&nbsp;<\/p>\n<p><strong>Aus dem Inhalt:<\/strong><\/p>\n<ul>\n<li>Detailierte Schritt- f\u00fcr Schritt Lastenanh\u00e4nger Bauanleitung<\/li>\n<li>PDF mit 34 Seiten<\/li>\n<li>\u00dcber 30 farbige Abbildungen und Bauzeichnungen f\u00fcr einfachen Selbstbau<\/li>\n<li>Fahrrad-Anh\u00e4nger-Praxis<\/li>\n<li>Mit gro\u00dfer Markt\u00fcbersicht aktueller Serien-Schwerlast-Fahrradanh\u00e4nger bis 250 kg<\/li>\n<li>Extrakapitel fahren mit E-Bike-Lastenanh\u00e4nger-Gespann<\/li>\n<li>Bergsteigf\u00e4higkeit, M\u00f6glichkeiten &amp; Grenzen<\/li>\n<li>Was ist beim Anh\u00e4nger selber bauen erlaubt? \u2013 die Rechtslage<\/li>\n<li>Bauzeichnungen im Vektor-Format zum beliebigen Skalieren<\/li>\n<li>u.v.m.<\/li>\n<\/ul>\n<p><a href=\"https:\/\/freiraum-holzgestaltung.de\/woodi\/fahrradanhaenger-selber-bauen\/\" target=\"_blank\" rel=\"noopener noreferrer\">&gt;&gt;&gt;\u00a0 Zur Leseprobe Bauanleitung Fahrradanh\u00e4nger selber bauen<\/a><\/p>\n<p>&nbsp;<\/p>\n","protected":false},"excerpt":{"rendered":"<p>Stabile Zwei- und Einachs-Lastenanh\u00e4nger f\u00fcr Fahrr\u00e4der und E-Bikes selbst bauen. F\u00fcr Lasten bis 4 Meter L\u00e4nge. Mit verstellbarer und in der Zweiachsversion beweglich gelagerter Selbstbau-Langdeichsel. Bordw\u00e4nde aus Holz und Bausatz-Grundrahmen aus Stahl. Einfache robuste DIY-Konstruktion. Praxiserprobt.<\/p>\n<ul>\n<li>Detailierte Schritt- f\u00fcr Schritt Lastenanh\u00e4nger Bauanleitung<\/li>\n<li>PDF mit 34 Seiten<\/li>\n<li>\u00dcber 30 farbige Abbildungen und Bauzeichnungen f\u00fcr einfachen Selbstbau<\/li>\n<\/ul>\n","protected":false},"featured_media":2574,"comment_status":"open","ping_status":"closed","template":"","meta":[],"product_cat":[26],"product_tag":[],"_links":{"self":[{"href":"https:\/\/freiraum-holzgestaltung.de\/woodi\/wp-json\/wp\/v2\/product\/2614"}],"collection":[{"href":"https:\/\/freiraum-holzgestaltung.de\/woodi\/wp-json\/wp\/v2\/product"}],"about":[{"href":"https:\/\/freiraum-holzgestaltung.de\/woodi\/wp-json\/wp\/v2\/types\/product"}],"replies":[{"embeddable":true,"href":"https:\/\/freiraum-holzgestaltung.de\/woodi\/wp-json\/wp\/v2\/comments?post=2614"}],"wp:featuredmedia":[{"embeddable":true,"href":"https:\/\/freiraum-holzgestaltung.de\/woodi\/wp-json\/wp\/v2\/media\/2574"}],"wp:attachment":[{"href":"https:\/\/freiraum-holzgestaltung.de\/woodi\/wp-json\/wp\/v2\/media?parent=2614"}],"wp:term":[{"taxonomy":"product_cat","embeddable":true,"href":"https:\/\/freiraum-holzgestaltung.de\/woodi\/wp-json\/wp\/v2\/product_cat?post=2614"},{"taxonomy":"product_tag","embeddable":true,"href":"https:\/\/freiraum-holzgestaltung.de\/woodi\/wp-json\/wp\/v2\/product_tag?post=2614"}],"curies":[{"name":"wp","href":"https:\/\/api.w.org\/{rel}","templated":true}]}}