{"id":580,"date":"2020-10-27T13:03:28","date_gmt":"2020-10-27T13:03:28","guid":{"rendered":"https:\/\/freiraum-holzgestaltung.de\/woodi\/?page_id=580"},"modified":"2021-04-06T15:17:51","modified_gmt":"2021-04-06T15:17:51","slug":"impressum","status":"publish","type":"page","link":"https:\/\/freiraum-holzgestaltung.de\/woodi\/impressum\/","title":{"rendered":"Impressum"},"content":{"rendered":"<p><strong>Woodi Cargo Vario &#8211; Das Lastenfahrrad aus Holz zum selbst bauen &#8211; ist ein Angebot von:<\/strong><\/p><p>Freiraum-Holzgestaltung | Heiko Troll | M\u00fchlenstra\u00dfe 2 | 01847 Lohmen<\/p><p>Tel. 03501 54 71 22<\/p><p>E-Mail: woodi(at)freiraum-holzgestaltung.de<\/p><div style=\"height:20px\" aria-hidden=\"true\" class=\"wp-block-spacer\"><\/div><p><strong>Urheberrecht<\/strong><\/p><p>Layout und Gestaltung des Angebots insgesamt, sowie seiner einzelnen Elemente sind urheberrechtlich gesch\u00fctzt. Gleiches gilt f\u00fcr die redaktionellen Beitr\u00e4ge im Einzelnen, sowie ihre Auswahl und Ver\u00e4nderungen daran d\u00fcrfen nicht vorgenommen werden. F\u00fcr die Bauanleitungen gilt insbesondere noch folgendes:<\/p><p><strong>C-2020 Heiko Troll Freiraum-Holzgestaltung<\/strong>  Die Bauanleitungen sind urheberrechtlich gesch\u00fctzt. Alle darin enthaltenen Pl\u00e4ne, Arbeitsschritte, Berechnungen, Hinweise und sonstige Angaben sind nach bestem Wissen und Gewissen sorgf\u00e4ltig erstellt, jedoch unter Ausschluss jeglicher Haftung. Das Woodi-Lastenrad ist praxiserprobt und beim DPMA als Geschmacksmuster gesch\u00fctzt. F\u00fcr kommerzielle Nachbauten gelten die Nutzungsbedingungen auf freiraum-holzgestaltung.de\/woodi. Die Ver\u00f6ffentlichung der Bauanleitung im Internet, sowie das Anfertigen und Weiterverbreiten von Kopien ist ausdr\u00fccklich untersagt, sofern die Anzahl der Kopien \u00fcber der in der jeweilig erworbenen und bezahlten Lizenz liegt. Ein Nachbau des Lastenfahrrades aus Holz im Rahmen der jeweils erworbenen Lizenz ist ausdr\u00fccklich erlaubt und gew\u00fcnscht, die sorgf\u00e4ltige und sachgerechte Ausf\u00fchrung liegt jedoch in der Verantwortung der Leser\/innen. Wir lehnen daher jede Haftung f\u00fcr Bau und Nutzung ab.<\/p>","protected":false},"excerpt":{"rendered":"<p>Woodi Cargo Vario &#8211; Das Lastenfahrrad aus Holz zum selbst bauen &#8211; ist ein Angebot von: Freiraum-Holzgestaltung | Heiko Troll | M\u00fchlenstra\u00dfe 2 | 01847 Lohmen Tel. 03501 54 71 22 E-Mail: woodi(at)freiraum-holzgestaltung.de Urheberrecht Layout und Gestaltung des Angebots insgesamt, sowie seiner einzelnen Elemente sind urheberrechtlich gesch\u00fctzt. Gleiches gilt f\u00fcr die redaktionellen Beitr\u00e4ge im Einzelnen, &#8230; <\/p>\n<p class=\"read-more-container\"><a title=\"Impressum\" class=\"read-more button\" href=\"https:\/\/freiraum-holzgestaltung.de\/woodi\/impressum\/#more-580\">Continue<span class=\"screen-reader-text\">Impressum<\/span><\/a><\/p>\n","protected":false},"author":1,"featured_media":0,"parent":0,"menu_order":0,"comment_status":"closed","ping_status":"closed","template":"","meta":{"footnotes":""},"_links":{"self":[{"href":"https:\/\/freiraum-holzgestaltung.de\/woodi\/wp-json\/wp\/v2\/pages\/580"}],"collection":[{"href":"https:\/\/freiraum-holzgestaltung.de\/woodi\/wp-json\/wp\/v2\/pages"}],"about":[{"href":"https:\/\/freiraum-holzgestaltung.de\/woodi\/wp-json\/wp\/v2\/types\/page"}],"author":[{"embeddable":true,"href":"https:\/\/freiraum-holzgestaltung.de\/woodi\/wp-json\/wp\/v2\/users\/1"}],"replies":[{"embeddable":true,"href":"https:\/\/freiraum-holzgestaltung.de\/woodi\/wp-json\/wp\/v2\/comments?post=580"}],"version-history":[{"count":4,"href":"https:\/\/freiraum-holzgestaltung.de\/woodi\/wp-json\/wp\/v2\/pages\/580\/revisions"}],"predecessor-version":[{"id":2533,"href":"https:\/\/freiraum-holzgestaltung.de\/woodi\/wp-json\/wp\/v2\/pages\/580\/revisions\/2533"}],"wp:attachment":[{"href":"https:\/\/freiraum-holzgestaltung.de\/woodi\/wp-json\/wp\/v2\/media?parent=580"}],"curies":[{"name":"wp","href":"https:\/\/api.w.org\/{rel}","templated":true}]}}