{"id":577,"date":"2020-10-27T12:58:46","date_gmt":"2020-10-27T12:58:46","guid":{"rendered":"https:\/\/freiraum-holzgestaltung.de\/woodi\/?page_id=577"},"modified":"2020-11-24T07:07:41","modified_gmt":"2020-11-24T07:07:41","slug":"datenschutz","status":"publish","type":"page","link":"https:\/\/freiraum-holzgestaltung.de\/woodi\/datenschutz\/","title":{"rendered":"Datenschutz holzgestaltung"},"content":{"rendered":"<h4 class=\"wp-block-heading\">Freiraum Holzgestaltung &amp; Woodi &#8211; Das Lastenrad zum selbst bauen.<\/h4><p><strong>Datenschutzerkl\u00e4rung<\/strong><br>Wir nehmen den Schutz Ihrer pers\u00f6nlichen Daten sehr ernst. Wir behandeln Ihre personenbezogenen Daten vertraulich und entsprechend der gesetzlichen Datenschutzvorschriften sowie dieser Datenschutzerkl\u00e4rung. Wenn Sie diese Website benutzen, werden verschiedene personenbezogene Daten erhoben. Personenbezogene Daten sind Daten, mit denen Sie pers\u00f6nlich identifiziert werden k\u00f6nnen. Die vorliegende Datenschutzerkl\u00e4rung erl\u00e4utert, welche Daten wir erheben und wof\u00fcr wir sie nutzen. Sie erl\u00e4utert auch, wie und zu welchem Zweck das geschieht. Wir weisen darauf hin, dass die Daten\u00fcbertragung im Internet (z.B. bei der Kommunikation per E-Mail) Sicherheitsl\u00fccken aufweisen kann. Ein l\u00fcckenloser Schutz der Daten vor dem Zugriff durch Dritte ist nicht m\u00f6glich.<\/p><p><strong>Benennung der verantwortlichen Stelle<\/strong><\/p><p>Die verantwortliche Stelle f\u00fcr die Datenverarbeitung auf dieser Website ist:<\/p><p>Freiraum-Holzgestaltung | Heiko Troll | M\u00fchlenstra\u00dfe 2 | 01847 Lohmen <\/p><p>Verantwortlicher ist die nat\u00fcrliche oder juristische Person, die allein oder gemeinsam mit anderen \u00fcber die Zwecke und Mittel der Verarbeitung von personenbezogenen Daten (z.B. Namen, E-Mail-Adressen o. \u00c4.) entscheidet.<\/p><p><strong>Urheberrecht<\/strong><\/p><p>Layout und Gestaltung des Angebots insgesamt, sowie seiner einzelnen Elemente sind urheberrechtlich gesch\u00fctzt. Gleiches gilt f\u00fcr die redaktionellen Beitr\u00e4ge im Einzelnen, sowie ihre Auswahl und Ver\u00e4nderungen daran d\u00fcrfen nicht vorgenommen werden. F\u00fcr die Bauanleitungen gilt erweiternd noch folgendes:<\/p><p>(C-2020 Heiko Troll | Freiraum-Holzgestaltung) Diese Bauanleitungen sind urheberrechtlich gesch\u00fctzt. Alle darin enthaltenen Pl\u00e4ne, Arbeitsschritte, Berechnungen, Hinweise und sonstige Angaben sind nach bestem Wissen und Gewissen sorgf\u00e4ltig erstellt, jedoch unter Ausschluss jeglicher Haftung. Das Woodi-Lastenrad ist praxiserprobt und beim DPMA als Geschmacksmuster gesch\u00fctzt. F\u00fcr kommerzielle Nachbauten gelten die Nutzungsbedingungen auf freiraum-holzgestaltung.de\/woodi. Die Ver\u00f6ffentlichung der Bauanleitung im Internet, sowie das Anfertigen und Weiterverbreiten von Kopien ist ausdr\u00fccklich untersagt, sofern die Anzahl der Kopien \u00fcber der in der jeweilig erworbenen und bezahlten Lizenz liegt. Ein Nachbau im Rahmen der jeweils erworbenen Lizenz ist ausdr\u00fccklich erlaubt und gew\u00fcnscht, die sorgf\u00e4ltige und sachgerechte Ausf\u00fchrung liegt jedoch in der Verantwortung der Leser\/innen. Wir lehnen daher jede Haftung f\u00fcr Bau und Nutzung ab.<\/p><p><\/p><p><strong>Widerruf Ihrer Einwilligung zur Datenverarbeitung<\/strong><\/p><p>Nur mit Ihrer ausdr\u00fccklichen Einwilligung sind einige Vorg\u00e4nge der Datenverarbeitung m\u00f6glich. Ein Widerruf Ihrer bereits erteilten Einwilligung ist jederzeit m\u00f6glich. F\u00fcr den Widerruf gen\u00fcgt eine formlose Mitteilung per E-Mail. Die Rechtm\u00e4\u00dfigkeit der bis zum Widerruf erfolgten Datenverarbeitung bleibt vom Widerruf unber\u00fchrt.<\/p><p><strong>Recht auf Beschwerde bei der zust\u00e4ndigen Aufsichtsbeh\u00f6rde<\/strong><\/p><p>Als Betroffener steht Ihnen im Falle eines datenschutzrechtlichen Versto\u00dfes ein Beschwerderecht bei der zust\u00e4ndigen Aufsichtsbeh\u00f6rde zu. Zust\u00e4ndige Aufsichtsbeh\u00f6rde bez\u00fcglich datenschutzrechtlicher Fragen ist der Landesdatenschutzbeauftragte des Landes Sachsen.<\/p><p><strong>Recht auf Auskunft, Berichtigung, Sperrung, L\u00f6schung<\/strong><\/p><p>Sie haben jederzeit im Rahmen der geltenden gesetzlichen Bestimmungen das Recht auf unentgeltliche Auskunft \u00fcber Ihre gespeicherten personenbezogenen Daten, Herkunft der Daten, deren Empf\u00e4nger und den Zweck der Datenverarbeitung und ggf. ein Recht auf Berichtigung, Sperrung oder L\u00f6schung dieser Daten. Diesbez\u00fcglich und auch zu weiteren Fragen zum Thema personenbezogene Daten k\u00f6nnen Sie sich jederzeit \u00fcber die im Impressum aufgef\u00fchrten Kontaktm\u00f6glichkeiten an uns wenden.<\/p><p><strong>Server-Log-Dateien<\/strong><\/p><p>In Server-Log-Dateien erhebt und speichert der Provider der Website automatisch Informationen, die Ihr Browser automatisch an uns \u00fcbermittelt.<\/p><p>Dies sind:<\/p><p>\u2022 Besuchte Seite auf unserer Domain<\/p><p>\u2022 Datum und Uhrzeit der Serveranfrage<\/p><p>\u2022 Browsertyp und Browserversion<\/p><p>\u2022 Verwendetes Betriebssystem<\/p><p>\u2022 Referrer URL<\/p><p>\u2022 Hostname des zugreifenden Rechners<\/p><p>\u2022 IP-Adresse<\/p><p>Es findet keine Zusammenf\u00fchrung dieser Daten mit anderen Datenquellen statt. Es ist uns daher nicht m\u00f6glich, Sie anhand dieser Informationen ohne die Hinzuziehung des Wissens eines Dritten (z. B. Ihres Internet-Providers) zu identifizieren. Eine solche Zusammenf\u00fchrung findet unter Umst\u00e4nden nur in den Ausnahmef\u00e4llen statt, in denen von Ihrer IP-Adresse ein strafbarer Eingriff auf unseren Webserver stattgefunden hat. Grundlage der Datenverarbeitung bildet Art. 6 Abs. 1 lit. b DSGVO, der die Verarbeitung von Daten zur Erf\u00fcllung eines Vertrags oder vorvertraglicher Ma\u00dfnahmen gestattet. Weitere Grundlage f\u00fcr die Datenverarbeitung ist Art. 6 Abs. 1 lit. f DSGVO, der die Verarbeitung von Daten zur Wahrung unserer berechtigten Interessen (insbesondere Schutz vor Hacking, Spamming, Denial Of Service-Attacken usw.) gestattet. Server-Log-Dateien werden in der Regel f\u00fcr 12 Wochen gespeichert und \u00fcberschreiben sich danach von selbst. Eine l\u00e4ngere Speicherdauer kann im Ausnahmefall wegen bestimmter IT-Sicherheitsvorf\u00e4lle im Zusammenhang mit unserem Webserver gerechtfertigt sein.<\/p><p><strong>Kontaktformular<\/strong><\/p><p>Per Kontaktformular \u00fcbermittelte Daten werden einschlie\u00dflich Ihrer Kontaktdaten gespeichert, um Ihre Anfrage bearbeiten zu k\u00f6nnen oder um f\u00fcr Anschlussfragen bereitzustehen. Eine Weitergabe dieser Daten findet ohne Ihre Einwilligung nicht statt. Die Verarbeitung der in das Kontaktformular eingegebenen Daten erfolgt ausschlie\u00dflich auf Grundlage Ihrer Einwilligung (Art. 6 Abs. 1 lit. a DSGVO). Ein Widerruf Ihrer bereits erteilten Einwilligung ist jederzeit m\u00f6glich. F\u00fcr den Widerruf gen\u00fcgt eine formlose Mitteilung per E-Mail. Die Rechtm\u00e4\u00dfigkeit der bis zum Widerruf erfolgten Datenverarbeitungsvorg\u00e4nge bleibt vom Widerruf unber\u00fchrt. <\/p><p><strong>Hinweis zu<\/strong> <strong>Google Fonts<\/strong><\/p><p>Wir verwenden Google Fonts der Firma Google Inc. (1600 Amphitheatre Parkway Mountain View, CA 94043, USA) auf dieser Webseite. Die Verwendung von Google Fonts erfolgt ohne Authentisierung und es werden keine Cookies an die Google Fonts API gesendet. Sollten Sie ein Benutzerkonto bei Google haben, werden keine Ihrer Google-Daten an Google w\u00e4hrend der Nutzung von Google Fonts \u00fcbermittelt. Google erfasst lediglich die Nutzung von CSS und der verwendeten Fonts und speichert diese Daten sicher. Mehr zu diesen und weiteren Fragen finden Sie auf&nbsp;<a rel=\"noreferrer noopener\" href=\"https:\/\/developers.google.com\/fonts\/faq\" target=\"_blank\">https:\/\/developers.google.com\/fonts\/faq<\/a>.<\/p><p><strong>Hinweis zu Videos von youtube<\/strong><\/p><p>Diese Webseite nutzt die Youtube-Einbettungsfunktion zur Anzeige und Wiedergabe von Videos von Youtube. Wir verwenden den erweiterten Datenschutzmodus, der nach Anbieterangaben eine Speicherung von Nutzerinformationen erst bei Wiedergabe des Videos in Gang setzt. In dem Augenblick, wo die Wiedergabe des eingebetteten Videos gestartet wird, setzt der Youtube Cookies ein, um Informationen \u00fcber das Nutzerverhalten zu sammeln.<\/p><p>Hinweisen von Youtube zufolge dienen diese unter anderem dazu, Videostatistiken zu erfassen, die Nutzerfreundlichkeit zu verbessern und missbr\u00e4uchliche Handlungsweisen zu unterbinden.<\/p><p>Sobald Sie die Wiedergabe eines eingebundenen Videos durch Anklicken starten, speichert YouTube durch den erweiterten Datenschutzmodus auf Ihrem Ger\u00e4t nur Cookies, die keine pers\u00f6nlich identifizierbaren Daten enthalten, es sei denn Sie sind aktuell bei einem Google-Dienst angemeldet. Diese Cookies lassen sich durch entsprechende Browsereinstellungen und -erweiterungen verhindern.<\/p><p>Weitere Informationen zum Datenschutz bei YouTube finden Sie in der Datenschutzerkl\u00e4rung des Anbieters unter: <a href=\"https:\/\/www.google.de\/intl\/de\/policies\/privacy\/\" target=\"_blank\" rel=\"noopener\">https:\/\/www.google.de\/intl\/de\/policies\/privacy\/<\/a><\/p><p><strong>Hinweis zu allen Links<\/strong><\/p><p>Wichtiger Hinweis zu allen Links : Mit Urteil vom 12. Mai 1998 \u2013 312 O 85\/98 \u2013 \u201cHaftung f\u00fcr Links\u201d hat das Landgericht (LG) Hamburg entschieden, dass man durch die Anbringung eines Links, die Inhalte der gelinkten Seite ggf. mit zu verantworten hat. Dies kann \u2013 so das LG \u2013 nur dadurch verhindert werden, dass man sich ausdr\u00fccklich von diesen Inhalten distanziert. Hiermit distanzieren wir uns ausdr\u00fccklich von allen Inhalten aller gelinkten Seiten auf unserer Homepage und machen uns diese Inhalte nicht zu eigen. Diese Erkl\u00e4rung gilt f\u00fcr alle auf dieser Website angebrachten Links.<\/p><p><strong>Hinweis zur allgemeinen Haftung<\/strong><\/p><p>Wir bem\u00fchen uns, die Inhalte richtig darzustellen und sie zu pflegen. Sollten trotzdem Fehler vorkommen, \u00fcbernehmen wir keinerlei Haftung.<\/p><p>Die Website:  &#8211; Woodi &#8211; Das Lastenrad aus Holz zum selbst bauen &#8211; ist ein Angebot von <strong>Freiraum-Holzgestaltung | Heiko Troll | M\u00fchlenstra\u00dfe 2 | 01847 Lohmen<\/strong><br><\/p>","protected":false},"excerpt":{"rendered":"<p>Freiraum Holzgestaltung &amp; Woodi &#8211; Das Lastenrad zum selbst bauen. Datenschutzerkl\u00e4rungWir nehmen den Schutz Ihrer pers\u00f6nlichen Daten sehr ernst. Wir behandeln Ihre personenbezogenen Daten vertraulich und entsprechend der gesetzlichen Datenschutzvorschriften sowie dieser Datenschutzerkl\u00e4rung. Wenn Sie diese Website benutzen, werden verschiedene personenbezogene Daten erhoben. Personenbezogene Daten sind Daten, mit denen Sie pers\u00f6nlich identifiziert werden k\u00f6nnen. Die &#8230; <\/p>\n<p class=\"read-more-container\"><a title=\"Datenschutz holzgestaltung\" class=\"read-more button\" href=\"https:\/\/freiraum-holzgestaltung.de\/woodi\/datenschutz\/#more-577\">Continue<span class=\"screen-reader-text\">Datenschutz holzgestaltung<\/span><\/a><\/p>\n","protected":false},"author":1,"featured_media":0,"parent":0,"menu_order":0,"comment_status":"closed","ping_status":"closed","template":"","meta":{"footnotes":""},"_links":{"self":[{"href":"https:\/\/freiraum-holzgestaltung.de\/woodi\/wp-json\/wp\/v2\/pages\/577"}],"collection":[{"href":"https:\/\/freiraum-holzgestaltung.de\/woodi\/wp-json\/wp\/v2\/pages"}],"about":[{"href":"https:\/\/freiraum-holzgestaltung.de\/woodi\/wp-json\/wp\/v2\/types\/page"}],"author":[{"embeddable":true,"href":"https:\/\/freiraum-holzgestaltung.de\/woodi\/wp-json\/wp\/v2\/users\/1"}],"replies":[{"embeddable":true,"href":"https:\/\/freiraum-holzgestaltung.de\/woodi\/wp-json\/wp\/v2\/comments?post=577"}],"version-history":[{"count":4,"href":"https:\/\/freiraum-holzgestaltung.de\/woodi\/wp-json\/wp\/v2\/pages\/577\/revisions"}],"predecessor-version":[{"id":908,"href":"https:\/\/freiraum-holzgestaltung.de\/woodi\/wp-json\/wp\/v2\/pages\/577\/revisions\/908"}],"wp:attachment":[{"href":"https:\/\/freiraum-holzgestaltung.de\/woodi\/wp-json\/wp\/v2\/media?parent=577"}],"curies":[{"name":"wp","href":"https:\/\/api.w.org\/{rel}","templated":true}]}}