{"id":524,"date":"2020-10-26T11:46:18","date_gmt":"2020-10-26T11:46:18","guid":{"rendered":"https:\/\/freiraum-holzgestaltung.de\/woodi\/?page_id=524"},"modified":"2020-11-24T07:26:16","modified_gmt":"2020-11-24T07:26:16","slug":"lizenz-information","status":"publish","type":"page","link":"https:\/\/freiraum-holzgestaltung.de\/woodi\/lizenz-information\/","title":{"rendered":"Lizenz-Information Bauplan"},"content":{"rendered":"<p><\/p><h4 class=\"wp-block-heading\"><strong>Der Woodi-Bauplan f\u00fcr das Lastenrad aus Holz zum selbst bauen ist auf dieser Website in folgenden Lizenz-Ausf\u00fchrungen erh\u00e4ltlich:<\/strong><\/h4><p>\u2022 als <strong>Basic-Lizenz-Privat<\/strong> mit eingeschr\u00e4nktem Vervielf\u00e4ltigungs- und Selbstbaurecht bis zu einer Anzahl von 3 Woodi-Selbstbauten und bis maximal 3 Offline-Kopien der Bauanleitung ausschlie\u00dflich f\u00fcr private Nutzung und Gebrauch.<br>\u2022 als <strong>Premium-Lizenz-Privat<\/strong> mit eingeschr\u00e4nktem Vervielf\u00e4ltigungs- und Selbstbaurecht bis zu einer Anzahl von 20 Woodi-Selbstbauten und bis maximal 20 Offline-Kopien der Bauanleitung f\u00fcr private Nutzung und Gebrauch. Darin eingeschlossen ist die nichtkommerzielle Nutzung f\u00fcr Schul-, Uni,- sowie Vereinsprojekte.<br>\u2022 als <strong>Basic-Lizenz-Business<\/strong> mit eingeschr\u00e4nktem Vervielf\u00e4ltigungs- und Nachbaurecht bis zu einer Anzahl von 20 Woodi-Selbstbauten und bis maximal 20 Offline-Kopien der Bauanleitung f\u00fcr sowohl private als auch kommerzielle, gesch\u00e4ftliche Nutzung und Gebrauch.<br>\u2022 als <strong>Premium-Lizenz-Business<\/strong> mit eingeschr\u00e4nktem Vervielf\u00e4ltigungs- und Nachbaurecht bis zu einer Anzahl von 100 Woodi-Selbstbauten und bis maximal 100 Offline-Kopien der Bauanleitung f\u00fcr sowohl private als auch kommerzielle, gesch\u00e4ftliche Nutzung und Gebrauch.<\/p><p>F\u00fcr ein uneingeschr\u00e4nktes Vervielf\u00e4ltigungs- und Baurecht mit unbegrenzten Nutzungsrechten nehmen Sie bitte per E-Mail Kontakt mit dem Autor auf: <strong><a href=\"mailto:woodi@freiraum-holzgestaltung.de\">woodi@freiraum-holzgestaltung.de<\/a><\/strong><\/p><p>Jegliche unbefugte Vervielf\u00e4ltigung oder unbefugter Verkauf oder Vertrieb dieser Woodi-Bauanleitung oder von Teilen dieser Woodi-Bauanleitung, die \u00fcber mit der jeweiligen Lizenz erworbenen Nutzungsrechten hinausgeht, ist untersagt und kann Schadensersatzforderungen nach sich ziehen.<\/p><p><strong>Der K\u00e4ufer dieser Woodi-Bauanleitung <strong>best\u00e4tigt und akzeptiert<\/strong> mit dem Kauf die oben angef\u00fchrten  Lizenzbestimmungen.<\/strong><\/p><div style=\"height:51px\" aria-hidden=\"true\" class=\"wp-block-spacer\"><\/div><p><strong>Copyright &#8211; 2020 Heiko Troll Freiraum-Holzgestaltung<\/strong><br>Diese Bauanleitung ist urheberrechtlich gesch\u00fctzt. Alle darin enthaltenen Pl\u00e4ne, Arbeitsschritte, Berechnungen, Abbildungen, Hinweise und sonstige Angaben sind nach bestem Wissen und Gewissen sorgf\u00e4ltig erstellt, jedoch unter Ausschluss jeglicher Haftung.<br>Das Woodi-Lastenrad ist praxiserprobt und beim DPMA als Geschmacksmuster gesch\u00fctzt. F\u00fcr private und kommerzielle Nachbauten gelten die oben stehenden Lizenz- und Nutzungsbedingungen.<br>Die Ver\u00f6ffentlichung der Bauanleitung im Internet und Weiterverbreiten sonstiger Online-Kopien ist ausdr\u00fccklich untersagt. Untersagt ist weiterhin das Anfertigen und Weiterverbreiten von Offline-Kopien, sofern die Anzahl der Kopien \u00fcber der in der jeweils erworbenen Lizenz liegt. Ein Nachbau im Rahmen der jeweils erworbenen Lizenz ist ausdr\u00fccklich erlaubt und gew\u00fcnscht, die sorgf\u00e4ltige und sachgerechte Ausf\u00fchrung liegt jedoch in der Verantwortung der Leser\/innen. Wir lehnen daher jede Haftung f\u00fcr Bau und Nutzung ab.<\/p>","protected":false},"excerpt":{"rendered":"<p>Der Woodi-Bauplan f\u00fcr das Lastenrad aus Holz zum selbst bauen ist auf dieser Website in folgenden Lizenz-Ausf\u00fchrungen erh\u00e4ltlich: \u2022 als Basic-Lizenz-Privat mit eingeschr\u00e4nktem Vervielf\u00e4ltigungs- und Selbstbaurecht bis zu einer Anzahl von 3 Woodi-Selbstbauten und bis maximal 3 Offline-Kopien der Bauanleitung ausschlie\u00dflich f\u00fcr private Nutzung und Gebrauch.\u2022 als Premium-Lizenz-Privat mit eingeschr\u00e4nktem Vervielf\u00e4ltigungs- und Selbstbaurecht bis zu &#8230; <\/p>\n<p class=\"read-more-container\"><a title=\"Lizenz-Information Bauplan\" class=\"read-more button\" href=\"https:\/\/freiraum-holzgestaltung.de\/woodi\/lizenz-information\/#more-524\">Continue<span class=\"screen-reader-text\">Lizenz-Information Bauplan<\/span><\/a><\/p>\n","protected":false},"author":1,"featured_media":0,"parent":0,"menu_order":0,"comment_status":"closed","ping_status":"closed","template":"","meta":{"footnotes":""},"_links":{"self":[{"href":"https:\/\/freiraum-holzgestaltung.de\/woodi\/wp-json\/wp\/v2\/pages\/524"}],"collection":[{"href":"https:\/\/freiraum-holzgestaltung.de\/woodi\/wp-json\/wp\/v2\/pages"}],"about":[{"href":"https:\/\/freiraum-holzgestaltung.de\/woodi\/wp-json\/wp\/v2\/types\/page"}],"author":[{"embeddable":true,"href":"https:\/\/freiraum-holzgestaltung.de\/woodi\/wp-json\/wp\/v2\/users\/1"}],"replies":[{"embeddable":true,"href":"https:\/\/freiraum-holzgestaltung.de\/woodi\/wp-json\/wp\/v2\/comments?post=524"}],"version-history":[{"count":6,"href":"https:\/\/freiraum-holzgestaltung.de\/woodi\/wp-json\/wp\/v2\/pages\/524\/revisions"}],"predecessor-version":[{"id":916,"href":"https:\/\/freiraum-holzgestaltung.de\/woodi\/wp-json\/wp\/v2\/pages\/524\/revisions\/916"}],"wp:attachment":[{"href":"https:\/\/freiraum-holzgestaltung.de\/woodi\/wp-json\/wp\/v2\/media?parent=524"}],"curies":[{"name":"wp","href":"https:\/\/api.w.org\/{rel}","templated":true}]}}