{"id":3397,"date":"2023-04-01T16:29:37","date_gmt":"2023-04-01T16:29:37","guid":{"rendered":"https:\/\/freiraum-holzgestaltung.de\/woodi\/?page_id=3397"},"modified":"2023-04-26T15:32:25","modified_gmt":"2023-04-26T15:32:25","slug":"elops-r500e-lastenrad-von-decathlon-anbau-weber-kupplung","status":"publish","type":"page","link":"https:\/\/freiraum-holzgestaltung.de\/woodi\/elops-r500e-lastenrad-von-decathlon-anbau-weber-kupplung\/","title":{"rendered":"Elops R500E Lastenrad von Decathlon &#8211; Anbau Weber Kupplung"},"content":{"rendered":"<h2 class=\"has-luminous-vivid-orange-color has-text-color wp-block-heading\">Das Lastenrad Elops R500E &#8211; Videoanleitung zum Einbau einer Anh\u00e4ngerkupplung an das Longtail<\/h2><p><strong>Hallo Bike- und Lastenrad-Selbstbau Freunde.<\/strong> Da am Decathlon Btwin Elops R500e Lastenrad serienm\u00e4\u00dfig keine Kupplungsbefestigung vorgesehen ist, zeige ich in dem Video eine einfache Montagem\u00f6glichkeit. Ben\u00f6tigt werden nur ein paar einfache Standartprofile 15x15x2 mm sowie zwei Schellen 30mm und ein paar Schrauben M5 oder M6.<\/p><figure class=\"wp-block-embed-youtube wp-block-embed is-type-video is-provider-youtube wp-embed-aspect-16-9 wp-has-aspect-ratio\"><div class=\"wp-block-embed__wrapper\">\n<iframe loading=\"lazy\" title=\"Lastenrad R500e - Anh\u00e4nger Kupplung montieren + 1.Probefahrt Fahrrad-Wohnwagen\" width=\"1200\" height=\"675\" src=\"https:\/\/www.youtube.com\/embed\/yF0yCJM-g1k?feature=oembed\" frameborder=\"0\" allow=\"accelerometer; autoplay; clipboard-write; encrypted-media; gyroscope; picture-in-picture; web-share\" allowfullscreen><\/iframe>\n<\/div><\/figure><p><strong>In dem Video<\/strong> geht es um den Einbau einer Weber-Kupplung, ohne am Rahmen des Lastenrades Elops R500e von Decathlon schwei\u00dfen oder bohren zu m\u00fcssen.<\/p><figure class=\"wp-block-image size-large\"><img loading=\"lazy\" decoding=\"async\" width=\"1024\" height=\"576\" src=\"https:\/\/freiraum-holzgestaltung.de\/woodi\/wp-content\/uploads\/2023\/04\/r500e-lastenrad-anhaenger-kupplung-1024x576.jpg\" alt=\" r500e-lastenrad-anhaenger-kupplung\" class=\"wp-image-3408\" srcset=\"https:\/\/freiraum-holzgestaltung.de\/woodi\/wp-content\/uploads\/2023\/04\/r500e-lastenrad-anhaenger-kupplung-1024x576.jpg 1024w, https:\/\/freiraum-holzgestaltung.de\/woodi\/wp-content\/uploads\/2023\/04\/r500e-lastenrad-anhaenger-kupplung-300x169.jpg 300w, https:\/\/freiraum-holzgestaltung.de\/woodi\/wp-content\/uploads\/2023\/04\/r500e-lastenrad-anhaenger-kupplung-768x432.jpg 768w, https:\/\/freiraum-holzgestaltung.de\/woodi\/wp-content\/uploads\/2023\/04\/r500e-lastenrad-anhaenger-kupplung-1536x864.jpg 1536w, https:\/\/freiraum-holzgestaltung.de\/woodi\/wp-content\/uploads\/2023\/04\/r500e-lastenrad-anhaenger-kupplung-2048x1152.jpg 2048w, https:\/\/freiraum-holzgestaltung.de\/woodi\/wp-content\/uploads\/2023\/04\/r500e-lastenrad-anhaenger-kupplung-500x281.jpg 500w\" sizes=\"(max-width: 1024px) 100vw, 1024px\" \/><figcaption>\nr500e-lastenrad-anhaenger-kupplung<\/figcaption><\/figure><p><strong>Das Longtail R500E<\/strong> ist ein Kompromiss zwischen einem Lastenrad und einem eleganten Stra\u00dfenfahrrad. Man f\u00e4hrt in aufrechter Position. Ein langer und stabiler Gep\u00e4cktr\u00e4ger und ein kleiner Frontkorb k\u00f6nnen zum Transport verwendet werden.<strong> <\/strong><\/p><p><strong>Der Gep\u00e4cktr\u00e4ger ist f\u00fcr Lasten bis zu 80kg!<\/strong> ausgelegt. Der vordere Korb kann bis zu 10 kg Gep\u00e4ck tragen. Die maximale Belastbarkeit betr\u00e4gt ca. 210 kg. Diese Maximale Zuladung setzt sich aus Rad, Fahrergewicht, Zubeh\u00f6r und Transportlast zusammen. Wobei hier die Angaben des Herstellers etwas unklar sind, es kann auch sein, dass damit nur die reine Zuladung ohne Radgewicht gemeint ist. Jedenfalls sind 210 kg schon mal eine Ansage!<\/p><figure class=\"wp-block-image size-large\"><img loading=\"lazy\" decoding=\"async\" width=\"1024\" height=\"576\" src=\"https:\/\/freiraum-holzgestaltung.de\/woodi\/wp-content\/uploads\/2023\/04\/elops-R500e-Longtail-1024x576.jpg\" alt=\"elops  r500e-lastenrad\" class=\"wp-image-3407\" srcset=\"https:\/\/freiraum-holzgestaltung.de\/woodi\/wp-content\/uploads\/2023\/04\/elops-R500e-Longtail-1024x576.jpg 1024w, https:\/\/freiraum-holzgestaltung.de\/woodi\/wp-content\/uploads\/2023\/04\/elops-R500e-Longtail-300x169.jpg 300w, https:\/\/freiraum-holzgestaltung.de\/woodi\/wp-content\/uploads\/2023\/04\/elops-R500e-Longtail-768x432.jpg 768w, https:\/\/freiraum-holzgestaltung.de\/woodi\/wp-content\/uploads\/2023\/04\/elops-R500e-Longtail-1536x864.jpg 1536w, https:\/\/freiraum-holzgestaltung.de\/woodi\/wp-content\/uploads\/2023\/04\/elops-R500e-Longtail-2048x1152.jpg 2048w, https:\/\/freiraum-holzgestaltung.de\/woodi\/wp-content\/uploads\/2023\/04\/elops-R500e-Longtail-500x281.jpg 500w\" sizes=\"(max-width: 1024px) 100vw, 1024px\" \/><figcaption>elops  r500e-lastenrad mit DIY bike camper<\/figcaption><\/figure><p><strong>Der Motor<\/strong> hat eine maximale Leistung von ca. 690 Watt (gemessen!) und eine Nennleistung von 250 Watt. Das maximale Drehmoment betr\u00e4gt 58 Nm. Also ganz gut ausgestattet f\u00fcr maximale Zuladung und steile Anstiege. <\/p><p><strong>Beim Akku hat sich der Hersteller f\u00fcr Qualit\u00e4tsprodukte von Samsung <\/strong>entschieden. Mit einer Kapazit\u00e4t von 672 Wh (48 V, 14 Ah) ist er langstreckentauglich. Laut Hersteller sind das bis zu 90km im Eco-Modus. 70 km im Normalmodus, bis zu 50 km im Power-Modus. Diese Sch\u00e4tzung basiert auf einer 80 kg schweren Person, die mit einer Akkuladung eine relativ flache Strecke f\u00e4hrt. <\/p><p><strong>Die genaue Reichweite<\/strong> h\u00e4ngt von vielen Faktoren ab. Dies sind zum Beispiel Fahrer- und Ladungsgewicht, Wind, Temperatur, Fahrbahnbelag, Steigung usw. <\/p><p><strong>Decathlon hat sich bei diesem Modell<\/strong> gegen einen Mittelmotor entschieden. Stattdessen kommen Hinterradmotoren zum Einsatz. Dies ist f\u00fcr Lastenr\u00e4der ganz gut geeignet, da schwere Lasten auf dem Gep\u00e4cktr\u00e4ger weder Kette noch Antrieb beeintr\u00e4chtigen. <\/p><p><strong>Lange Lebensdauer ist daher das Ziel dieser Antriebskombination. <\/strong>Die h\u00e4ufigsten Argumente gegen Hinterradmotoren sind bei Lastenr\u00e4dern irrelevant und meiner Meinung nach auch \u00fcberbewertet. Sportliche und direkte Kraft\u00fcbertragung spielt dabei keine gro\u00dfe Rolle. Ein robuster, stabiler und langlebiger Motor ist an einem Lastenrad wie dem r500e viel wichtiger.<\/p><p>Freundliche Bike Gr\u00fc\u00dfe &amp; Gute Fahrt!<\/p><p><a href=\"https:\/\/freiraum-holzgestaltung.de\/woodi\/fahrrad-wohnwagen-selber-bauen-der-plan\/\" class=\"rank-math-link\">>>>Zum Bike Camper<\/a><\/p><p><a href=\"https:\/\/freiraum-holzgestaltung.de\/woodi\/e-lastenrad-r500e-longtail-erfahrungen\/\" class=\"rank-math-link\">>>> 1000 km Fazit und Erfahrungen mit dem R500e Lastenrad<\/a><\/p><div style=\"height:20px\" aria-hidden=\"true\" class=\"wp-block-spacer\"><\/div><div class=\"wp-block-media-text alignwide is-stacked-on-mobile is-vertically-aligned-top\" style=\"grid-template-columns:68% auto\"><figure class=\"wp-block-media-text__media\"><img loading=\"lazy\" decoding=\"async\" width=\"800\" height=\"300\" src=\"https:\/\/freiraum-holzgestaltung.de\/woodi\/wp-content\/uploads\/2021\/03\/autor-beitrag-lastenrad-heiko05.jpg\" alt=\"foto autor heiko lastenrad beitrag 40 modelle\" class=\"wp-image-1979\" srcset=\"https:\/\/freiraum-holzgestaltung.de\/woodi\/wp-content\/uploads\/2021\/03\/autor-beitrag-lastenrad-heiko05.jpg 800w, https:\/\/freiraum-holzgestaltung.de\/woodi\/wp-content\/uploads\/2021\/03\/autor-beitrag-lastenrad-heiko05-300x113.jpg 300w, https:\/\/freiraum-holzgestaltung.de\/woodi\/wp-content\/uploads\/2021\/03\/autor-beitrag-lastenrad-heiko05-768x288.jpg 768w, https:\/\/freiraum-holzgestaltung.de\/woodi\/wp-content\/uploads\/2021\/03\/autor-beitrag-lastenrad-heiko05-500x188.jpg 500w\" sizes=\"(max-width: 800px) 100vw, 800px\" \/><\/figure><div class=\"wp-block-media-text__content\"><p class=\"has-text-align-left\">\u201e<em>Viel Erfolg beim Einbau der Anh\u00e4ngerkupplung am Decathlon Lastenrad Elops R500E<\/em> &#8211; Falls Fragen auftreten, einfach bei youtube einen Kommentar mit der Frage schreiben &#8211; ich helfe dann gern\u201d<\/p>\n\n<p class=\"has-text-align-right has-small-font-size\">(Autor: Heiko Troll | Aktualisiert: 30.03.2023)<\/p><\/div><\/div><p><\/p>","protected":false},"excerpt":{"rendered":"<p>Das Lastenrad Elops R500E &#8211; Videoanleitung zum Einbau einer Anh\u00e4ngerkupplung an das Longtail Hallo Bike- und Lastenrad-Selbstbau Freunde. Da am Decathlon Btwin Elops R500e Lastenrad serienm\u00e4\u00dfig keine Kupplungsbefestigung vorgesehen ist, zeige ich in dem Video eine einfache Montagem\u00f6glichkeit. Ben\u00f6tigt werden nur ein paar einfache Standartprofile 15x15x2 mm sowie zwei Schellen 30mm und ein paar Schrauben &#8230; <\/p>\n<p class=\"read-more-container\"><a title=\"Elops R500E Lastenrad von Decathlon &#8211; Anbau Weber Kupplung\" class=\"read-more button\" href=\"https:\/\/freiraum-holzgestaltung.de\/woodi\/elops-r500e-lastenrad-von-decathlon-anbau-weber-kupplung\/#more-3397\">Continue<span class=\"screen-reader-text\">Elops R500E Lastenrad von Decathlon &#8211; Anbau Weber Kupplung<\/span><\/a><\/p>\n","protected":false},"author":1,"featured_media":0,"parent":0,"menu_order":0,"comment_status":"closed","ping_status":"closed","template":"","meta":{"footnotes":""},"_links":{"self":[{"href":"https:\/\/freiraum-holzgestaltung.de\/woodi\/wp-json\/wp\/v2\/pages\/3397"}],"collection":[{"href":"https:\/\/freiraum-holzgestaltung.de\/woodi\/wp-json\/wp\/v2\/pages"}],"about":[{"href":"https:\/\/freiraum-holzgestaltung.de\/woodi\/wp-json\/wp\/v2\/types\/page"}],"author":[{"embeddable":true,"href":"https:\/\/freiraum-holzgestaltung.de\/woodi\/wp-json\/wp\/v2\/users\/1"}],"replies":[{"embeddable":true,"href":"https:\/\/freiraum-holzgestaltung.de\/woodi\/wp-json\/wp\/v2\/comments?post=3397"}],"version-history":[{"count":7,"href":"https:\/\/freiraum-holzgestaltung.de\/woodi\/wp-json\/wp\/v2\/pages\/3397\/revisions"}],"predecessor-version":[{"id":3454,"href":"https:\/\/freiraum-holzgestaltung.de\/woodi\/wp-json\/wp\/v2\/pages\/3397\/revisions\/3454"}],"wp:attachment":[{"href":"https:\/\/freiraum-holzgestaltung.de\/woodi\/wp-json\/wp\/v2\/media?parent=3397"}],"curies":[{"name":"wp","href":"https:\/\/api.w.org\/{rel}","templated":true}]}}