{"id":3231,"date":"2022-06-25T07:54:19","date_gmt":"2022-06-25T07:54:19","guid":{"rendered":"https:\/\/freiraum-holzgestaltung.de\/woodi\/?page_id=3231"},"modified":"2022-06-25T07:55:46","modified_gmt":"2022-06-25T07:55:46","slug":"lastenrad-bergtest-gewicht","status":"publish","type":"page","link":"https:\/\/freiraum-holzgestaltung.de\/woodi\/lastenrad-bergtest-gewicht\/","title":{"rendered":"Lastenrad Bergtest &#8211; Steigung 18% &#8211; Gewicht 350kg &#8211; Fahrt im Elbsandsteingebirge"},"content":{"rendered":"<h2 class=\"has-luminous-vivid-orange-color has-text-color wp-block-heading\">Lastenrad Bergsteigf\u00e4higkeits-Test mit 350kg Gewicht bei enormer Steigung im Elbsandsteingebirge und Fahrt auf dem Elberadweg<\/h2><p><strong>Hallo Bike- , Camper- und Lastenrad-Selbstbau Freunde.<\/strong> In dem Video geht es mit dem voll beladenen Lastenrad Radkutsche-Musketier in die Berge und auf dem Elbe-Radweg zu einem Kunden im wundersch\u00f6nen Kurort Rathen in der s\u00e4chsischen Schweiz. <\/p><figure class=\"wp-block-embed-youtube wp-block-embed is-type-video is-provider-youtube wp-embed-aspect-16-9 wp-has-aspect-ratio\"><div class=\"wp-block-embed__wrapper\">\n<iframe loading=\"lazy\" title=\"Lastenrad Bergtest 18% Steigung mit 350 kg Gesamtgewicht + Fahrt im Elbsandsteingebirge\" width=\"1200\" height=\"675\" src=\"https:\/\/www.youtube.com\/embed\/h0ZYz5bs7h8?feature=oembed\" frameborder=\"0\" allow=\"accelerometer; autoplay; clipboard-write; encrypted-media; gyroscope; picture-in-picture\" allowfullscreen><\/iframe>\n<\/div><\/figure><p><strong>Das Lastenfahrrad hat bei dieser Fahrt ein Gesamtgewicht von etwa 350 kg.<\/strong> (Holz\/Werkzeug 150 kg &#8211; Fahrer 110 kg &#8211; Rad mit selbst gebauter 2 x 1 Meter Pritsche und 800 Wh Akku ca. 90 kg. <\/p><p><strong>Es liegen Abfahrten und Steigungen von 8 bis ca. 18% Prozent<\/strong> auf der romantischen Fahrstrecke. Daneben gibt es noch einen kleinen Einblick in den R\u00e4ucherofen der Forellenr\u00e4ucherei Rathen und ich zeige euch den wirklich besten und dennoch preiswerten Imbiss mit Hausmannskost in Stadt Wehlen direkt am Elbe-Radweg.<\/p><div style=\"height:20px\" aria-hidden=\"true\" class=\"wp-block-spacer\"><\/div><h2 class=\"has-luminous-vivid-orange-color has-text-color wp-block-heading\">Wie steht es nun um die Bergtauglichkeit von Lastenr\u00e4dern mit Nabenmotor?<\/h2><figure class=\"wp-block-image size-large\"><img loading=\"lazy\" decoding=\"async\" width=\"834\" height=\"469\" src=\"https:\/\/freiraum-holzgestaltung.de\/woodi\/wp-content\/uploads\/2022\/06\/lastenrad-350kg-gewicht-elberadweg.jpg\" alt=\"lastenrad-350kg-gewicht im Elbsandsteingebirge auf dem Elberadweg\" class=\"wp-image-3233\" srcset=\"https:\/\/freiraum-holzgestaltung.de\/woodi\/wp-content\/uploads\/2022\/06\/lastenrad-350kg-gewicht-elberadweg.jpg 834w, https:\/\/freiraum-holzgestaltung.de\/woodi\/wp-content\/uploads\/2022\/06\/lastenrad-350kg-gewicht-elberadweg-300x169.jpg 300w, https:\/\/freiraum-holzgestaltung.de\/woodi\/wp-content\/uploads\/2022\/06\/lastenrad-350kg-gewicht-elberadweg-768x432.jpg 768w, https:\/\/freiraum-holzgestaltung.de\/woodi\/wp-content\/uploads\/2022\/06\/lastenrad-350kg-gewicht-elberadweg-500x281.jpg 500w\" sizes=\"(max-width: 834px) 100vw, 834px\" \/><\/figure><p><strong>Diese Frage kann man nicht pauschal beantworten &#8211; <\/strong>es kommt immer auf den verwendeten Motor und nat\u00fcrlich auch auf die Kondition des Fahrers an.<\/p><p><strong>Obwohl Frontmotoren (und Nabenmotoren allgemein)<\/strong> derzeit immer kleingeredet und untersch\u00e4tzt werden &#8211; sieht man ja im obigen Musketier-Video, dass der E-Zee Motor des Lastenrades Musketier doch ganz gut funktioniert &#8211; Sogar in kritischen Situationen, in denen Drehzahl und Geschwindigkeit stark absinken. Wichtig ist dabei nat\u00fcrlich die Temperatur des Motors im Auge zu behalten, damit er nicht \u00fcberhitzt.<\/p><figure class=\"wp-block-gallery columns-2 is-cropped wp-block-gallery-1 is-layout-flex wp-block-gallery-is-layout-flex\"><ul class=\"blocks-gallery-grid\"><li class=\"blocks-gallery-item\"><figure><img loading=\"lazy\" decoding=\"async\" width=\"829\" height=\"466\" src=\"https:\/\/freiraum-holzgestaltung.de\/woodi\/wp-content\/uploads\/2022\/06\/lastenrad-gewicht-350kg-bergtest.jpg\" alt=\"lastenrad Musketier radkutsche 350 kg\" data-id=\"3234\" data-full-url=\"https:\/\/freiraum-holzgestaltung.de\/woodi\/wp-content\/uploads\/2022\/06\/lastenrad-gewicht-350kg-bergtest.jpg\" data-link=\"https:\/\/freiraum-holzgestaltung.de\/woodi\/?attachment_id=3234#main\" class=\"wp-image-3234\" srcset=\"https:\/\/freiraum-holzgestaltung.de\/woodi\/wp-content\/uploads\/2022\/06\/lastenrad-gewicht-350kg-bergtest.jpg 829w, https:\/\/freiraum-holzgestaltung.de\/woodi\/wp-content\/uploads\/2022\/06\/lastenrad-gewicht-350kg-bergtest-300x169.jpg 300w, https:\/\/freiraum-holzgestaltung.de\/woodi\/wp-content\/uploads\/2022\/06\/lastenrad-gewicht-350kg-bergtest-768x432.jpg 768w, https:\/\/freiraum-holzgestaltung.de\/woodi\/wp-content\/uploads\/2022\/06\/lastenrad-gewicht-350kg-bergtest-500x281.jpg 500w\" sizes=\"(max-width: 829px) 100vw, 829px\" \/><\/figure><\/li><li class=\"blocks-gallery-item\"><figure><img loading=\"lazy\" decoding=\"async\" width=\"1003\" height=\"564\" src=\"https:\/\/freiraum-holzgestaltung.de\/woodi\/wp-content\/uploads\/2022\/06\/lastenfahrrad-elberadweg.jpg\" alt=\"lastenfahrrad-elberadweg.jpg\" data-id=\"3232\" data-full-url=\"https:\/\/freiraum-holzgestaltung.de\/woodi\/wp-content\/uploads\/2022\/06\/lastenfahrrad-elberadweg.jpg\" data-link=\"https:\/\/freiraum-holzgestaltung.de\/woodi\/?attachment_id=3232#main\" class=\"wp-image-3232\" srcset=\"https:\/\/freiraum-holzgestaltung.de\/woodi\/wp-content\/uploads\/2022\/06\/lastenfahrrad-elberadweg.jpg 1003w, https:\/\/freiraum-holzgestaltung.de\/woodi\/wp-content\/uploads\/2022\/06\/lastenfahrrad-elberadweg-300x169.jpg 300w, https:\/\/freiraum-holzgestaltung.de\/woodi\/wp-content\/uploads\/2022\/06\/lastenfahrrad-elberadweg-768x432.jpg 768w, https:\/\/freiraum-holzgestaltung.de\/woodi\/wp-content\/uploads\/2022\/06\/lastenfahrrad-elberadweg-500x281.jpg 500w\" sizes=\"(max-width: 1003px) 100vw, 1003px\" \/><\/figure><\/li><\/ul><\/figure><p><strong>Generell vertrete ich nach \u00fcber 3 Jahren Lastenrad-Erfahrung<\/strong> in der beruflichen Praxis die Meinung, dass die Einsatzm\u00f6glichkeiten von Lastenr\u00e4dern im Allgemeinen und von Schwerlast-Lastenfahrr\u00e4dern im Besonderen bei weitem noch nicht ausgereizt werden und oft stark untersch\u00e4tzt werden. Auch auf dem Land! Wer behauptet, Lastenr\u00e4der sind nur in der Stadt sinnvoll, liegt m.M.n. ganz sch\u00f6n daneben oder verfolgt ganz andere Ziele mit solchen Aussagen. Doch das ist ein anderes Thema.<\/p><p>Freundliche Bike Gr\u00fc\u00dfe &amp; Gute Fahrt!<\/p><div style=\"height:20px\" aria-hidden=\"true\" class=\"wp-block-spacer\"><\/div><div class=\"wp-block-media-text alignwide is-stacked-on-mobile is-vertically-aligned-top\" style=\"grid-template-columns:68% auto\"><figure class=\"wp-block-media-text__media\"><img loading=\"lazy\" decoding=\"async\" width=\"800\" height=\"300\" src=\"https:\/\/freiraum-holzgestaltung.de\/woodi\/wp-content\/uploads\/2021\/03\/autor-beitrag-lastenrad-heiko05.jpg\" alt=\"foto autor heiko lastenrad beitrag 40 modelle\" class=\"wp-image-1979\" srcset=\"https:\/\/freiraum-holzgestaltung.de\/woodi\/wp-content\/uploads\/2021\/03\/autor-beitrag-lastenrad-heiko05.jpg 800w, https:\/\/freiraum-holzgestaltung.de\/woodi\/wp-content\/uploads\/2021\/03\/autor-beitrag-lastenrad-heiko05-300x113.jpg 300w, https:\/\/freiraum-holzgestaltung.de\/woodi\/wp-content\/uploads\/2021\/03\/autor-beitrag-lastenrad-heiko05-768x288.jpg 768w, https:\/\/freiraum-holzgestaltung.de\/woodi\/wp-content\/uploads\/2021\/03\/autor-beitrag-lastenrad-heiko05-500x188.jpg 500w\" sizes=\"(max-width: 800px) 100vw, 800px\" \/><\/figure><div class=\"wp-block-media-text__content\"><p class=\"has-text-align-left\">\u201e<em>Gute Laune gibt es beim Radfahren im Elbsandsteingebirge gratis. <\/em>&#8211; Nicht nur mit dem Lastenfahrrad\u201d<\/p>\n\n<p class=\"has-text-align-right has-small-font-size\">(Autor: Heiko Troll | Aktualisiert: 25.06.2022)<\/p><\/div><\/div><p><\/p>","protected":false},"excerpt":{"rendered":"<p>Lastenrad Bergsteigf\u00e4higkeits-Test mit 350kg Gewicht bei enormer Steigung im Elbsandsteingebirge und Fahrt auf dem Elberadweg Hallo Bike- , Camper- und Lastenrad-Selbstbau Freunde. In dem Video geht es mit dem voll beladenen Lastenrad Radkutsche-Musketier in die Berge und auf dem Elbe-Radweg zu einem Kunden im wundersch\u00f6nen Kurort Rathen in der s\u00e4chsischen Schweiz. Das Lastenfahrrad hat bei &#8230; <\/p>\n<p class=\"read-more-container\"><a title=\"Lastenrad Bergtest &#8211; Steigung 18% &#8211; Gewicht 350kg &#8211; Fahrt im Elbsandsteingebirge\" class=\"read-more button\" href=\"https:\/\/freiraum-holzgestaltung.de\/woodi\/lastenrad-bergtest-gewicht\/#more-3231\">Continue<span class=\"screen-reader-text\">Lastenrad Bergtest &#8211; Steigung 18% &#8211; Gewicht 350kg &#8211; Fahrt im Elbsandsteingebirge<\/span><\/a><\/p>\n","protected":false},"author":1,"featured_media":0,"parent":0,"menu_order":0,"comment_status":"closed","ping_status":"closed","template":"","meta":{"footnotes":""},"_links":{"self":[{"href":"https:\/\/freiraum-holzgestaltung.de\/woodi\/wp-json\/wp\/v2\/pages\/3231"}],"collection":[{"href":"https:\/\/freiraum-holzgestaltung.de\/woodi\/wp-json\/wp\/v2\/pages"}],"about":[{"href":"https:\/\/freiraum-holzgestaltung.de\/woodi\/wp-json\/wp\/v2\/types\/page"}],"author":[{"embeddable":true,"href":"https:\/\/freiraum-holzgestaltung.de\/woodi\/wp-json\/wp\/v2\/users\/1"}],"replies":[{"embeddable":true,"href":"https:\/\/freiraum-holzgestaltung.de\/woodi\/wp-json\/wp\/v2\/comments?post=3231"}],"version-history":[{"count":3,"href":"https:\/\/freiraum-holzgestaltung.de\/woodi\/wp-json\/wp\/v2\/pages\/3231\/revisions"}],"predecessor-version":[{"id":3237,"href":"https:\/\/freiraum-holzgestaltung.de\/woodi\/wp-json\/wp\/v2\/pages\/3231\/revisions\/3237"}],"wp:attachment":[{"href":"https:\/\/freiraum-holzgestaltung.de\/woodi\/wp-json\/wp\/v2\/media?parent=3231"}],"curies":[{"name":"wp","href":"https:\/\/api.w.org\/{rel}","templated":true}]}}