{"id":18,"date":"2020-10-23T12:24:51","date_gmt":"2020-10-23T12:24:51","guid":{"rendered":"https:\/\/freiraum-holzgestaltung.de\/woodi\/?page_id=18"},"modified":"2021-05-06T17:17:16","modified_gmt":"2021-05-06T17:17:16","slug":"videos_e-bike_holz","status":"publish","type":"page","link":"https:\/\/freiraum-holzgestaltung.de\/woodi\/videos_e-bike_holz\/","title":{"rendered":"Videos | E-Bike aus Holz"},"content":{"rendered":"<h2 class=\"has-medium-font-size wp-block-heading\"><strong>NEUES VIDEO<\/strong> | Zweisitzer-Fahrten mit bis zu 40+100+82 kg Systemgewicht<\/h2><figure class=\"wp-block-embed-youtube wp-block-embed is-type-video is-provider-youtube wp-embed-aspect-16-9 wp-has-aspect-ratio\"><div class=\"wp-block-embed__wrapper\">\n<iframe loading=\"lazy\" title=\"FAHRRAD ZWEI-SITZER SELBER BAUEN\" width=\"1200\" height=\"675\" src=\"https:\/\/www.youtube.com\/embed\/_BJKWKKwpfM?feature=oembed\" frameborder=\"0\" allow=\"accelerometer; autoplay; clipboard-write; encrypted-media; gyroscope; picture-in-picture\" allowfullscreen><\/iframe>\n<\/div><\/figure><div style=\"height:20px\" aria-hidden=\"true\" class=\"wp-block-spacer\"><\/div><h2 class=\"has-medium-font-size wp-block-heading\"><strong>NEUES VIDEO<\/strong> | Packtaschen R&amp;M + Yuba = 100 Liter Packvolumen am Woodi<\/h2><figure class=\"wp-block-embed-youtube wp-block-embed is-type-video is-provider-youtube wp-embed-aspect-16-9 wp-has-aspect-ratio\"><div class=\"wp-block-embed__wrapper\">\n<iframe loading=\"lazy\" title=\"100 Liter Fahrrad Packtaschen von Riese &amp; M\u00fcller + Yuba Mundo am Lastenrad\" width=\"1200\" height=\"675\" src=\"https:\/\/www.youtube.com\/embed\/G8smFBsiHeU?feature=oembed\" frameborder=\"0\" allow=\"accelerometer; autoplay; clipboard-write; encrypted-media; gyroscope; picture-in-picture\" allowfullscreen><\/iframe>\n<\/div><\/figure><div style=\"height:20px\" aria-hidden=\"true\" class=\"wp-block-spacer\"><\/div><h2 class=\"has-medium-font-size wp-block-heading\"><strong>01<\/strong> | Bauanleitung | E-Bike | Lastenrad aus Holz | selbst bauen | Vorstellung<\/h2><figure class=\"wp-block-embed-youtube wp-block-embed is-type-video is-provider-youtube wp-embed-aspect-16-9 wp-has-aspect-ratio\"><div class=\"wp-block-embed__wrapper\">\n<iframe loading=\"lazy\" title=\"E-Bike | Bauanleitung | Lastenrad | Holz | selber bauen | DIY | wooden cargo bike\" width=\"1200\" height=\"675\" src=\"https:\/\/www.youtube.com\/embed\/vCAnIpxFcu8?start=6&#038;feature=oembed\" frameborder=\"0\" allow=\"accelerometer; autoplay; clipboard-write; encrypted-media; gyroscope; picture-in-picture\" allowfullscreen><\/iframe>\n<\/div><\/figure><div style=\"height:20px\" aria-hidden=\"true\" class=\"wp-block-spacer\"><\/div><h2 class=\"has-medium-font-size wp-block-heading\"><strong>02<\/strong> | Lastenrad aus Holz | selbst bauen | E-Bike | Werkzeug &amp; Fahrt mit 50 kg Last.<\/h2><figure class=\"wp-block-embed-youtube wp-block-embed is-type-video is-provider-youtube wp-embed-aspect-16-9 wp-has-aspect-ratio\"><div class=\"wp-block-embed__wrapper\">\n<iframe loading=\"lazy\" title=\"Lastenrad | selber bauen | Bauanleitung | Holz | Werkzeug | E-Bike | DIY | wooden cargo bike |\" width=\"1200\" height=\"675\" src=\"https:\/\/www.youtube.com\/embed\/Ixx4oPeXmHU?feature=oembed\" frameborder=\"0\" allow=\"accelerometer; autoplay; clipboard-write; encrypted-media; gyroscope; picture-in-picture\" allowfullscreen><\/iframe>\n<\/div><\/figure><div style=\"height:20px\" aria-hidden=\"true\" class=\"wp-block-spacer\"><\/div><h2 class=\"has-medium-font-size wp-block-heading\"><strong>04<\/strong> | Riese und M\u00fcller | Multicharger | Test | Cargo | E-Bike<\/h2><figure class=\"wp-block-embed-youtube wp-block-embed is-type-video is-provider-youtube wp-embed-aspect-16-9 wp-has-aspect-ratio\"><div class=\"wp-block-embed__wrapper\">\n<iframe loading=\"lazy\" title=\"Multicharger | Riese und M\u00fcller | Test | E-Bike | Holz | Lastenrad\" width=\"1200\" height=\"675\" src=\"https:\/\/www.youtube.com\/embed\/Ryt8t_DJ1PY?feature=oembed\" frameborder=\"0\" allow=\"accelerometer; autoplay; clipboard-write; encrypted-media; gyroscope; picture-in-picture\" allowfullscreen><\/iframe>\n<\/div><\/figure><p>Riese und M\u00fcller Multicharger &amp; Woodi Video &#8211; Fazit nach 8000 km Multicharger von Riese und M\u00fcller und einem Jahr Transport-Erfahrung mit Woodi &#8211; dem Lastenrad aus Holz: Beide Lastenfahrr\u00e4der haben Vor- und Nachteile, aber drei Dinge haben die E-Cargo-Bike&#8217;s gemeinsam: Fahrspa\u00df pur. Robuste Konstruktion und tauglich f\u00fcr den Alltag. Die Bauanleitung &amp; weitere Lastenrad-Info&#8217;s Pro\/Contra-Details mit ausf\u00fchrlichen Praxis-Erfahrungen zu diesen und weiteren Lastenr\u00e4dern findet ihr im Teil 1 der Woodi-PDF-Bauanleitung.<\/p><p> <\/p><div style=\"height:20px\" aria-hidden=\"true\" class=\"wp-block-spacer\"><\/div><div style=\"height:20px\" aria-hidden=\"true\" class=\"wp-block-spacer\"><\/div><p>Weitere Woodi-Videos sind in Vorbereitung und demn\u00e4chst hier zu finden&#8230;<\/p>","protected":false},"excerpt":{"rendered":"<p>NEUES VIDEO | Zweisitzer-Fahrten mit bis zu 40+100+82 kg Systemgewicht NEUES VIDEO | Packtaschen R&amp;M + Yuba = 100 Liter Packvolumen am Woodi 01 | Bauanleitung | E-Bike | Lastenrad aus Holz | selbst bauen | Vorstellung 02 | Lastenrad aus Holz | selbst bauen | E-Bike | Werkzeug &amp; Fahrt mit 50 kg Last. &#8230; <\/p>\n<p class=\"read-more-container\"><a title=\"Videos | E-Bike aus Holz\" class=\"read-more button\" href=\"https:\/\/freiraum-holzgestaltung.de\/woodi\/videos_e-bike_holz\/#more-18\">Continue<span class=\"screen-reader-text\">Videos | E-Bike aus Holz<\/span><\/a><\/p>\n","protected":false},"author":1,"featured_media":0,"parent":0,"menu_order":0,"comment_status":"closed","ping_status":"closed","template":"","meta":{"footnotes":""},"_links":{"self":[{"href":"https:\/\/freiraum-holzgestaltung.de\/woodi\/wp-json\/wp\/v2\/pages\/18"}],"collection":[{"href":"https:\/\/freiraum-holzgestaltung.de\/woodi\/wp-json\/wp\/v2\/pages"}],"about":[{"href":"https:\/\/freiraum-holzgestaltung.de\/woodi\/wp-json\/wp\/v2\/types\/page"}],"author":[{"embeddable":true,"href":"https:\/\/freiraum-holzgestaltung.de\/woodi\/wp-json\/wp\/v2\/users\/1"}],"replies":[{"embeddable":true,"href":"https:\/\/freiraum-holzgestaltung.de\/woodi\/wp-json\/wp\/v2\/comments?post=18"}],"version-history":[{"count":33,"href":"https:\/\/freiraum-holzgestaltung.de\/woodi\/wp-json\/wp\/v2\/pages\/18\/revisions"}],"predecessor-version":[{"id":2816,"href":"https:\/\/freiraum-holzgestaltung.de\/woodi\/wp-json\/wp\/v2\/pages\/18\/revisions\/2816"}],"wp:attachment":[{"href":"https:\/\/freiraum-holzgestaltung.de\/woodi\/wp-json\/wp\/v2\/media?parent=18"}],"curies":[{"name":"wp","href":"https:\/\/api.w.org\/{rel}","templated":true}]}}