{"id":1699,"date":"2020-12-17T10:14:18","date_gmt":"2020-12-17T10:14:18","guid":{"rendered":"https:\/\/freiraum-holzgestaltung.de\/woodi\/?page_id=1699"},"modified":"2020-12-17T11:54:17","modified_gmt":"2020-12-17T11:54:17","slug":"fahrrad-mit-hilfsmotor-selber-bauen","status":"publish","type":"page","link":"https:\/\/freiraum-holzgestaltung.de\/woodi\/fahrrad-mit-hilfsmotor-selber-bauen\/","title":{"rendered":"Fahrrad mit Hilfsmotor selber bauen"},"content":{"rendered":"<p class=\"has-text-color has-small-font-size\" style=\"color:#9d9d9d\">( Aktualisiert am 17.12.2020 | Autor: Heiko Troll | 01847 Lohmen bei Dresden)<\/p><h4 class=\"wp-block-heading\"><strong>Mit dem Xiongda 2-Speed Antrieb ein Fahrrad mit Hilfsmotor selber bauen <\/strong><\/h4><p>Dank der Untersetzung von 1: 8 bew\u00e4ltigt der <strong>2-Gang Fahrrad Hilfsmotor<\/strong> Xiongda auch bei voller Beladung Steigungen von bis zu 15% bei einer Geschwindigkeit von ca. 7 km \/ h sehr gut. 20% Anstiege k\u00f6nnen immer noch mit etwa 5 km\/h gefahren werden. Achten Sie bei extrem langen Anstiegen auf die Motortemperatur und machen Sie gegebenenfalls eine kurze Pause, um ein unerwartetes Abstellen des Motors zu verhindern. (Der Motor hat einen  Schutz mit elektronischer Abschaltung ab ca. 130 Grad)<\/p><figure class=\"wp-block-image size-large is-style-default\"><img loading=\"lazy\" decoding=\"async\" width=\"1024\" height=\"575\" src=\"https:\/\/freiraum-holzgestaltung.de\/woodi\/wp-content\/uploads\/2020\/12\/lastenrad_bauanleitung_09-1-1024x575.jpg\" alt=\"Fahrrad mit Hilfsmotor zum selber bauen | Woodi Cargo Vario\" class=\"wp-image-1615\" title=\"Der Xiongda 2-Gang Lastenrad Elektro-Heckmotor im Woodi-Lasten-E-Bike\" srcset=\"https:\/\/freiraum-holzgestaltung.de\/woodi\/wp-content\/uploads\/2020\/12\/lastenrad_bauanleitung_09-1-1024x575.jpg 1024w, https:\/\/freiraum-holzgestaltung.de\/woodi\/wp-content\/uploads\/2020\/12\/lastenrad_bauanleitung_09-1-300x169.jpg 300w, https:\/\/freiraum-holzgestaltung.de\/woodi\/wp-content\/uploads\/2020\/12\/lastenrad_bauanleitung_09-1-768x431.jpg 768w, https:\/\/freiraum-holzgestaltung.de\/woodi\/wp-content\/uploads\/2020\/12\/lastenrad_bauanleitung_09-1-500x281.jpg 500w, https:\/\/freiraum-holzgestaltung.de\/woodi\/wp-content\/uploads\/2020\/12\/lastenrad_bauanleitung_09-1.jpg 1068w\" sizes=\"(max-width: 1024px) 100vw, 1024px\" \/><figcaption>Das Fahrrad mit Hilfsmotor zum selber bauen | Woodi Cargo Vario<\/figcaption><\/figure><hr class=\"wp-block-separator has-text-color has-background has-cyan-bluish-gray-background-color has-cyan-bluish-gray-color is-style-wide\"\/><figure class=\"wp-block-gallery columns-3 is-cropped wp-block-gallery-1 is-layout-flex wp-block-gallery-is-layout-flex\"><ul class=\"blocks-gallery-grid\"><li class=\"blocks-gallery-item\"><figure><img loading=\"lazy\" decoding=\"async\" width=\"1024\" height=\"575\" src=\"https:\/\/freiraum-holzgestaltung.de\/woodi\/wp-content\/uploads\/2020\/12\/lastenrad_bauanleitung_07_technische_daten-1024x575.jpg\" alt=\"Bauanleitung Lastenrad\" data-id=\"1604\" data-full-url=\"https:\/\/freiraum-holzgestaltung.de\/woodi\/wp-content\/uploads\/2020\/12\/lastenrad_bauanleitung_07_technische_daten.jpg\" data-link=\"https:\/\/freiraum-holzgestaltung.de\/woodi\/bilder_riese_mueller_multicharger_packtaschen\/attachment\/lastenrad_bauanleitung_07_technische_daten\/#main\" class=\"wp-image-1604\" srcset=\"https:\/\/freiraum-holzgestaltung.de\/woodi\/wp-content\/uploads\/2020\/12\/lastenrad_bauanleitung_07_technische_daten-1024x575.jpg 1024w, https:\/\/freiraum-holzgestaltung.de\/woodi\/wp-content\/uploads\/2020\/12\/lastenrad_bauanleitung_07_technische_daten-300x169.jpg 300w, https:\/\/freiraum-holzgestaltung.de\/woodi\/wp-content\/uploads\/2020\/12\/lastenrad_bauanleitung_07_technische_daten-768x431.jpg 768w, https:\/\/freiraum-holzgestaltung.de\/woodi\/wp-content\/uploads\/2020\/12\/lastenrad_bauanleitung_07_technische_daten-500x281.jpg 500w, https:\/\/freiraum-holzgestaltung.de\/woodi\/wp-content\/uploads\/2020\/12\/lastenrad_bauanleitung_07_technische_daten.jpg 1068w\" sizes=\"(max-width: 1024px) 100vw, 1024px\" \/><\/figure><\/li><li class=\"blocks-gallery-item\"><figure><img loading=\"lazy\" decoding=\"async\" width=\"1024\" height=\"585\" src=\"https:\/\/freiraum-holzgestaltung.de\/woodi\/wp-content\/uploads\/2020\/12\/lastenrad_bauanleitung_03-1024x585.jpg\" alt=\"Fahrrad selber bauen\" data-id=\"1606\" data-full-url=\"https:\/\/freiraum-holzgestaltung.de\/woodi\/wp-content\/uploads\/2020\/12\/lastenrad_bauanleitung_03.jpg\" data-link=\"https:\/\/freiraum-holzgestaltung.de\/woodi\/bilder_riese_mueller_multicharger_packtaschen\/attachment\/lastenrad_bauanleitung_03\/#main\" class=\"wp-image-1606\" srcset=\"https:\/\/freiraum-holzgestaltung.de\/woodi\/wp-content\/uploads\/2020\/12\/lastenrad_bauanleitung_03-1024x585.jpg 1024w, https:\/\/freiraum-holzgestaltung.de\/woodi\/wp-content\/uploads\/2020\/12\/lastenrad_bauanleitung_03-300x171.jpg 300w, https:\/\/freiraum-holzgestaltung.de\/woodi\/wp-content\/uploads\/2020\/12\/lastenrad_bauanleitung_03-768x439.jpg 768w, https:\/\/freiraum-holzgestaltung.de\/woodi\/wp-content\/uploads\/2020\/12\/lastenrad_bauanleitung_03-500x286.jpg 500w, https:\/\/freiraum-holzgestaltung.de\/woodi\/wp-content\/uploads\/2020\/12\/lastenrad_bauanleitung_03.jpg 1524w\" sizes=\"(max-width: 1024px) 100vw, 1024px\" \/><\/figure><\/li><li class=\"blocks-gallery-item\"><figure><img loading=\"lazy\" decoding=\"async\" width=\"1024\" height=\"575\" src=\"https:\/\/freiraum-holzgestaltung.de\/woodi\/wp-content\/uploads\/2020\/12\/lastenrad_bauanleitung_010-1-1024x575.jpg\" alt=\"\" data-id=\"1617\" data-full-url=\"https:\/\/freiraum-holzgestaltung.de\/woodi\/wp-content\/uploads\/2020\/12\/lastenrad_bauanleitung_010-1.jpg\" data-link=\"https:\/\/freiraum-holzgestaltung.de\/woodi\/bilder_riese_mueller_multicharger_packtaschen\/attachment\/lastenrad_bauanleitung_010-1\/#main\" class=\"wp-image-1617\" srcset=\"https:\/\/freiraum-holzgestaltung.de\/woodi\/wp-content\/uploads\/2020\/12\/lastenrad_bauanleitung_010-1-1024x575.jpg 1024w, https:\/\/freiraum-holzgestaltung.de\/woodi\/wp-content\/uploads\/2020\/12\/lastenrad_bauanleitung_010-1-300x169.jpg 300w, https:\/\/freiraum-holzgestaltung.de\/woodi\/wp-content\/uploads\/2020\/12\/lastenrad_bauanleitung_010-1-768x431.jpg 768w, https:\/\/freiraum-holzgestaltung.de\/woodi\/wp-content\/uploads\/2020\/12\/lastenrad_bauanleitung_010-1-500x281.jpg 500w, https:\/\/freiraum-holzgestaltung.de\/woodi\/wp-content\/uploads\/2020\/12\/lastenrad_bauanleitung_010-1.jpg 1068w\" sizes=\"(max-width: 1024px) 100vw, 1024px\" \/><\/figure><\/li><\/ul><figcaption class=\"blocks-gallery-caption\">Der Xiongda 2-Gang Bergmotor plus Woodi = Ein Fahrrad mit Hilfsmotor zum selber bauen<\/figcaption><\/figure><hr class=\"wp-block-separator has-text-color has-background has-cyan-bluish-gray-background-color has-cyan-bluish-gray-color is-style-wide\"\/><h4 class=\"wp-block-heading\"><strong>Was ist ein Fahrrad mit Hilfsmotor?<\/strong><\/h4><p><strong>Fahrr\u00e4der mit Hilfsmotoren<\/strong> und geringer Leistung wurden fr\u00fcher als Mopeds bezeichnet. Die H\u00f6chstgeschwindigkeit dieser Modelle betrug 25 km\/h. Seit dem Aufschwung von Fahrr\u00e4dern mit Elektroantrieb hat der Gesetzgeber die rechtliche Einteilung in Fahrrad (Pedelec) und Kleinkraftrad (S-Pedelec) vorgesehen.<\/p><p><strong>Das Woodi z\u00e4hlt als Pedelec.<\/strong> Nat\u00fcrlich kann das Eigenbaufahrrad, wie jedes andere Fahrrad auch, bei Montage einer Anh\u00e4ngerkupplung zus\u00e4tzlich noch einen Fahrradanh\u00e4nger ziehen. Der Hilfsmotor ist kr\u00e4ftig, klein und sparsam. Ein Fahrrad mit Hilfsmotor Selbstbau muss nicht teuer sein &#8211; man kann auch gut erhaltene, gebrauchte Fahrrad Teile verwenden.<\/p><div style=\"height:20px\" aria-hidden=\"true\" class=\"wp-block-spacer\"><\/div><h4 class=\"wp-block-heading\"><strong>Wo darf ein Fahrrad mit Hilfsmotor fahren? <\/strong><\/h4><p><strong>Man darf mit einem Pedelec<\/strong> bis 25km\/h auf Fahrradwegen, Waldwegen und auch auf Stra\u00dfen fahren. Man ben\u00f6tigen hierf\u00fcr in der Regel keine extra Versicherung. Auch ein Selbstbau Fahrrad gilt rechtlich als Pedelec, wenn der Motor bei 25 km\/h abschaltet und die Nenndauerleistung 250 Watt nicht \u00fcbersteigt. Ein Pedelec kann auch ohne Motor genutzt werden und funktioniert dann wie ein normales Fahrrad.<\/p><div style=\"height:20px\" aria-hidden=\"true\" class=\"wp-block-spacer\"><\/div><h4 class=\"wp-block-heading\"><strong>Wie baut man ein Fahrrad selbst?<\/strong><\/h4><p><strong>Der Fahrradrahmen wird nach dem Selbstbau<\/strong> mit handels\u00fcblichen Fahrradteilen, wie Federgabel, Laufr\u00e4dern und Fahrrad Beleuchtung komplettiert. So entsteht ein g\u00fcnstiges Fahrrad mit Hilfsmotor, das mit den entsprechenden Fahrradtaschen durchaus einen Lastenanh\u00e4nger ersetzen kann. <\/p><p><strong>Komplettiert wird das selbst gebaute Fahrrad<\/strong> mit Bordcomputer, 14 Gang Kettenschaltung (kein Einbau einer Nabenschaltung m\u00f6glich), sowie hydraulischen Tektro Scheibenbremsen und einem Schwerlast-Gep\u00e4cktr\u00e4ger. Dieser Hecktr\u00e4ger ist fast ganz ohne Schwei\u00dfen einfach selbst zu bauen. Der Tr\u00e4ger ist 85 cm lang und kann bis 70 kg belastet werden.<\/p><div style=\"height:20px\" aria-hidden=\"true\" class=\"wp-block-spacer\"><\/div><h4 class=\"wp-block-heading\"><strong>Ein Fahrrad mit Hilfsmotor selber bauen?<\/strong> <\/h4><p><strong>Kein Problem<\/strong> mit dem kr\u00e4ftigen zwei Gang Bergmotor und der Bauanleitung f\u00fcr das Woodi Fahrrad. In Lohmen bei Dresden wurde ein einfach und preiswert selbst zu bauendes Fahrrad konstruiert. <\/p><div style=\"height:20px\" aria-hidden=\"true\" class=\"wp-block-spacer\"><\/div><h4 class=\"wp-block-heading\"><strong>Der Motor in der Praxis<\/strong><\/h4><p>Im Flachland oder wenn das Gesamtgewicht nicht voll ausgesch\u00f6pft ist, ist es sinnvoll,  die 1: 4,4 Untersetzung zu verwenden, da der Motor sonst bei 12,5 km \/ h automatisch abregelt. Ich selbst verwende hier im Umland von Dresden nie den vorhandenen automatischen Schaltmodus, da dies manchmal dazu f\u00fchrt, dass die G\u00e4nge von allein umschalten. Mit dem Woodi Cargo-Hilfsmotor hat man auch ohne diese Funktion maximalen Fahrspa\u00df.<\/p><figure class=\"wp-block-embed-youtube wp-block-embed is-type-video is-provider-youtube wp-embed-aspect-16-9 wp-has-aspect-ratio\"><div class=\"wp-block-embed__wrapper\">\n<iframe loading=\"lazy\" title=\"E-Bike | Bauanleitung | Lastenrad | Holz | selber bauen | DIY | wooden cargo bike\" width=\"1200\" height=\"675\" src=\"https:\/\/www.youtube.com\/embed\/vCAnIpxFcu8?start=28&#038;feature=oembed\" frameborder=\"0\" allow=\"accelerometer; autoplay; clipboard-write; encrypted-media; gyroscope; picture-in-picture\" allowfullscreen><\/iframe>\n<\/div><\/figure><div style=\"height:20px\" aria-hidden=\"true\" class=\"wp-block-spacer\"><\/div><h4 class=\"wp-block-heading\"><strong>Der Fahrrad Rahmen<\/strong><\/h4><p><strong>Da das Fahrrad f\u00fcr eine relativ gro\u00dfe Zuladung konstruiert wurde<\/strong>, kann man beim Bau ein paar Kilogramm mehr an Eigengewicht zu Gunsten h\u00f6herer Festigkeit und guter Stra\u00dfenlage leicht verkraften. Der Woodi-Rahmen ist auf gr\u00f6\u00dftm\u00f6gliche Stabilit\u00e4t und nicht auf geringstes Gewicht ausgelegt. Der Massivholzrahmen absorbiert St\u00f6\u00dfe gut.  Das Fahrrad bleibt steif und vibrationsarm. Das Woodi f\u00e4hrt sich buchst\u00e4blich wie ein &#8222;Board on the Street&#8220;.<\/p><figure class=\"wp-block-image size-large is-style-default\"><img loading=\"lazy\" decoding=\"async\" width=\"1024\" height=\"556\" src=\"https:\/\/freiraum-holzgestaltung.de\/woodi\/wp-content\/uploads\/2020\/12\/lastenrad_bauanleitung_02-1-1024x556.jpg\" alt=\"Fahrrad selber bauen - Probefahrt im Umland von Dresden\" class=\"wp-image-1621\" srcset=\"https:\/\/freiraum-holzgestaltung.de\/woodi\/wp-content\/uploads\/2020\/12\/lastenrad_bauanleitung_02-1-1024x556.jpg 1024w, https:\/\/freiraum-holzgestaltung.de\/woodi\/wp-content\/uploads\/2020\/12\/lastenrad_bauanleitung_02-1-300x163.jpg 300w, https:\/\/freiraum-holzgestaltung.de\/woodi\/wp-content\/uploads\/2020\/12\/lastenrad_bauanleitung_02-1-768x417.jpg 768w, https:\/\/freiraum-holzgestaltung.de\/woodi\/wp-content\/uploads\/2020\/12\/lastenrad_bauanleitung_02-1-1536x834.jpg 1536w, https:\/\/freiraum-holzgestaltung.de\/woodi\/wp-content\/uploads\/2020\/12\/lastenrad_bauanleitung_02-1-500x271.jpg 500w, https:\/\/freiraum-holzgestaltung.de\/woodi\/wp-content\/uploads\/2020\/12\/lastenrad_bauanleitung_02-1.jpg 1544w\" sizes=\"(max-width: 1024px) 100vw, 1024px\" \/><figcaption>Woodi Probefahrt im Umland von Dresden<\/figcaption><\/figure><p><strong>Mit dem Fahrrad mit Hilfsmotor liegen die Durchschnittsgeschwindigkeiten<\/strong> auf gleicher Strecke fast immer h\u00f6her als mit den anderen auf dieser Website vorgestellten Lastenr\u00e4dern. Obwohl alle Fahrr\u00e4der einheitlich nur bis 25 km\/h unterst\u00fctzt werden. Das liegt am effizienten 2-Gang Hilfsmotor, der gut die Berge hochzieht ohne zu \u00fcberhitzen. <\/p><p><strong>Einmal auf Geschwindigkeit rollt Woodi locker und leicht<\/strong> auch ohne Hilfe des Elektro Motors schnell voran. Ich fahre in der Ebene meistens mit  Stufe\u00a0 1 (das sind nur etwa 50 Watt zus\u00e4tzliche Leistung). Schaltet der Motor bei 25 km\/h ab, l\u00e4sst sich das Fahrrad per reiner Biokraft gut auf noch h\u00f6here Geschwindigkeit beschleunigen. Da der Heckmotor keinen internen Tretwiderstand hat  l\u00e4sst sich diese Geschwindigkeit auch halten, ohne dass man sich restlos auspowern muss. Dies gilt nat\u00fcrlich nur f\u00fcr relativ flache und glatte Stra\u00dfen ohne nennenswerten Gegenwind.<\/p><div style=\"height:20px\" aria-hidden=\"true\" class=\"wp-block-spacer\"><\/div><h4 class=\"wp-block-heading\"><strong>Seit wann gibt es Fahrr\u00e4der mit Motor<\/strong>?<\/h4><p><strong>Das erste Zweirad mit Motor war ca. um 1896\/97<\/strong> ein einfaches Fahrrad mit einem Hilfsmotor am Vorderrad. Der Plan, einfach einen Motor an ein Fahrrad zu schrauben, ist alt. Ein Fahrrad mit Hilfsmotor ist in unserer Zeit nicht mehr das, was es fr\u00fcher einmal war: In der ersten H\u00e4lfte des 20. Jahrhunderts wurde es als Name f\u00fcr Mopeds mit Verbrennungsmotor verwendet.  Seit dem haben sich Motorr\u00e4der nat\u00fcrlich von der Fahrradentwicklung entfernt, aber es wurden weiterhin die verschiedensten Hilfsmotorkonstruktionen f\u00fcr Fahrr\u00e4der entwickelt.<\/p><div style=\"height:20px\" aria-hidden=\"true\" class=\"wp-block-spacer\"><\/div><h2 class=\"has-cyan-bluish-gray-color has-text-color wp-block-heading\">Deine Fahrrad-Bauanleitung<\/h2><div class=\"wp-block-media-text is-stacked-on-mobile is-vertically-aligned-bottom\" style=\"grid-template-columns:38% auto\"><figure class=\"wp-block-media-text__media\"><a href=\"https:\/\/freiraum-holzgestaltung.de\/woodi\/produkt\/basic-lizenz\/\"><img loading=\"lazy\" decoding=\"async\" width=\"500\" height=\"698\" src=\"https:\/\/freiraum-holzgestaltung.de\/woodi\/wp-content\/uploads\/2020\/05\/holz_lastenrad01.jpg\" alt=\"e-bike Lastenrad selber bauen Endmontage\" class=\"wp-image-542\" srcset=\"https:\/\/freiraum-holzgestaltung.de\/woodi\/wp-content\/uploads\/2020\/05\/holz_lastenrad01.jpg 500w, https:\/\/freiraum-holzgestaltung.de\/woodi\/wp-content\/uploads\/2020\/05\/holz_lastenrad01-300x419.jpg 300w\" sizes=\"(max-width: 500px) 100vw, 500px\" \/><\/a><\/figure><div class=\"wp-block-media-text__content\"><div class=\"gb-button-wrapper gb-button-wrapper-04d29fe1\">\n<p><strong>Holz<\/strong> <strong>Fahrrad selber bauen mit der 69 seitigen Bauanleitung<\/strong> (95 Abbildungen, Zeichnungen und Tabellen) Ratgeber mit Praxis-Tipp&#8217;s und detaillierten Schritt-f\u00fcr-Schritt-Anleitungen&#8230;<\/p>\n\n<div style=\"height:50px\" aria-hidden=\"true\" class=\"wp-block-spacer\"><\/div>\n\n<a class=\"gb-button gb-button-33974e04\" href=\"https:\/\/freiraum-holzgestaltung.de\/woodi\/produkt\/basic-lizenz\/\"><span class=\"gb-icon\"><svg xmlns=\"http:\/\/www.w3.org\/2000\/svg\" viewBox=\"0 0 256 512\" width=\"1em\" height=\"1em\" aria-hidden=\"true\"><path d=\"M224.3 273l-136 136c-9.4 9.4-24.6 9.4-33.9 0l-22.6-22.6c-9.4-9.4-9.4-24.6 0-33.9l96.4-96.4-96.4-96.4c-9.4-9.4-9.4-24.6 0-33.9L54.3 103c9.4-9.4 24.6-9.4 33.9 0l136 136c9.5 9.4 9.5 24.6.1 34z\" fill=\"currentColor\"><\/path><\/svg><\/span><span class=\"gb-button-text\">mehr lesen &#8230;<\/span><\/a>\n\n<p><\/p>\n<\/div><\/div><\/div><div style=\"height:50px\" aria-hidden=\"true\" class=\"wp-block-spacer\"><\/div><p><\/p><div style=\"height:269px\" aria-hidden=\"true\" class=\"wp-block-spacer\"><\/div><p><a rel=\"noreferrer noopener\" class=\"rank-math-link\" href=\"https:\/\/www.youtube.com\/channel\/UCZgPGfpSYbXP_LyLwPWfEuA\" target=\"_blank\">&gt;&gt;&gt; Lastenrad Kanal auf youtube<\/a><\/p>","protected":false},"excerpt":{"rendered":"<p>( Aktualisiert am 17.12.2020 | Autor: Heiko Troll | 01847 Lohmen bei Dresden) Mit dem Xiongda 2-Speed Antrieb ein Fahrrad mit Hilfsmotor selber bauen Dank der Untersetzung von 1: 8 bew\u00e4ltigt der 2-Gang Fahrrad Hilfsmotor Xiongda auch bei voller Beladung Steigungen von bis zu 15% bei einer Geschwindigkeit von ca. 7 km \/ h sehr &#8230; <\/p>\n<p class=\"read-more-container\"><a title=\"Fahrrad mit Hilfsmotor selber bauen\" class=\"read-more button\" href=\"https:\/\/freiraum-holzgestaltung.de\/woodi\/fahrrad-mit-hilfsmotor-selber-bauen\/#more-1699\">Continue<span class=\"screen-reader-text\">Fahrrad mit Hilfsmotor selber bauen<\/span><\/a><\/p>\n","protected":false},"author":1,"featured_media":0,"parent":0,"menu_order":0,"comment_status":"closed","ping_status":"closed","template":"","meta":{"footnotes":""},"_links":{"self":[{"href":"https:\/\/freiraum-holzgestaltung.de\/woodi\/wp-json\/wp\/v2\/pages\/1699"}],"collection":[{"href":"https:\/\/freiraum-holzgestaltung.de\/woodi\/wp-json\/wp\/v2\/pages"}],"about":[{"href":"https:\/\/freiraum-holzgestaltung.de\/woodi\/wp-json\/wp\/v2\/types\/page"}],"author":[{"embeddable":true,"href":"https:\/\/freiraum-holzgestaltung.de\/woodi\/wp-json\/wp\/v2\/users\/1"}],"replies":[{"embeddable":true,"href":"https:\/\/freiraum-holzgestaltung.de\/woodi\/wp-json\/wp\/v2\/comments?post=1699"}],"version-history":[{"count":18,"href":"https:\/\/freiraum-holzgestaltung.de\/woodi\/wp-json\/wp\/v2\/pages\/1699\/revisions"}],"predecessor-version":[{"id":1721,"href":"https:\/\/freiraum-holzgestaltung.de\/woodi\/wp-json\/wp\/v2\/pages\/1699\/revisions\/1721"}],"wp:attachment":[{"href":"https:\/\/freiraum-holzgestaltung.de\/woodi\/wp-json\/wp\/v2\/media?parent=1699"}],"curies":[{"name":"wp","href":"https:\/\/api.w.org\/{rel}","templated":true}]}}