{"id":1144,"date":"2020-11-30T09:17:53","date_gmt":"2020-11-30T09:17:53","guid":{"rendered":"https:\/\/freiraum-holzgestaltung.de\/woodi\/?page_id=1144"},"modified":"2020-12-03T15:13:31","modified_gmt":"2020-12-03T15:13:31","slug":"lastenfahrrad-e-bike-bauanleitung","status":"publish","type":"page","link":"https:\/\/freiraum-holzgestaltung.de\/woodi\/lastenfahrrad-e-bike-bauanleitung\/","title":{"rendered":"05 | Lastenfahrrad E-Bike | Endmontage"},"content":{"rendered":"<p class=\"has-text-color\" style=\"color:#9d9d9d\">( Beginn Textauszug Bauanleitung)<\/p><p><strong>Zun\u00e4chst wird der Reglerkasten unseres E-Bike&#8217;s von innen satt mit Epoxidharz eingestrichen<\/strong> und abgedichtet. Die Winkel und Ecken des Reglerfach&#8217;s erhalten von innen ebenfalls eine mit Carbonfasermatte oder Glasgewebe 3-lagig laminierte Verst\u00e4rkung. Danach empfiehlt sich die unten aufgef\u00fchrte Montagereihenfolge.<\/p><figure class=\"wp-block-gallery columns-3 is-cropped wp-block-gallery-1 is-layout-flex wp-block-gallery-is-layout-flex\"><ul class=\"blocks-gallery-grid\"><li class=\"blocks-gallery-item\"><figure><img loading=\"lazy\" decoding=\"async\" width=\"1024\" height=\"576\" src=\"https:\/\/freiraum-holzgestaltung.de\/woodi\/wp-content\/uploads\/2020\/10\/woodi_bau05-1024x576.jpg\" alt=\"Lastenrad Fahrrad Holz cargo ebike diy bauen bauanleitung\" data-id=\"51\" data-full-url=\"https:\/\/freiraum-holzgestaltung.de\/woodi\/wp-content\/uploads\/2020\/10\/woodi_bau05.jpg\" data-link=\"https:\/\/freiraum-holzgestaltung.de\/woodi\/woodi_bau05\/\" class=\"wp-image-51\" srcset=\"https:\/\/freiraum-holzgestaltung.de\/woodi\/wp-content\/uploads\/2020\/10\/woodi_bau05-1024x576.jpg 1024w, https:\/\/freiraum-holzgestaltung.de\/woodi\/wp-content\/uploads\/2020\/10\/woodi_bau05-300x169.jpg 300w, https:\/\/freiraum-holzgestaltung.de\/woodi\/wp-content\/uploads\/2020\/10\/woodi_bau05-500x281.jpg 500w, https:\/\/freiraum-holzgestaltung.de\/woodi\/wp-content\/uploads\/2020\/10\/woodi_bau05-768x432.jpg 768w, https:\/\/freiraum-holzgestaltung.de\/woodi\/wp-content\/uploads\/2020\/10\/woodi_bau05-1536x864.jpg 1536w, https:\/\/freiraum-holzgestaltung.de\/woodi\/wp-content\/uploads\/2020\/10\/woodi_bau05.jpg 1920w\" sizes=\"(max-width: 1024px) 100vw, 1024px\" \/><\/figure><\/li><li class=\"blocks-gallery-item\"><figure><img loading=\"lazy\" decoding=\"async\" width=\"1000\" height=\"605\" src=\"https:\/\/freiraum-holzgestaltung.de\/woodi\/wp-content\/uploads\/2020\/11\/erstesmal_aufraedern.jpg\" alt=\"Lastenrad e-bike Rahmen\" data-id=\"1228\" data-full-url=\"https:\/\/freiraum-holzgestaltung.de\/woodi\/wp-content\/uploads\/2020\/11\/erstesmal_aufraedern.jpg\" data-link=\"https:\/\/freiraum-holzgestaltung.de\/woodi\/lastenfahrrad-e-bike-bauanleitung\/attachment\/erstesmal_aufraedern\/#main\" class=\"wp-image-1228\" srcset=\"https:\/\/freiraum-holzgestaltung.de\/woodi\/wp-content\/uploads\/2020\/11\/erstesmal_aufraedern.jpg 1000w, https:\/\/freiraum-holzgestaltung.de\/woodi\/wp-content\/uploads\/2020\/11\/erstesmal_aufraedern-300x182.jpg 300w, https:\/\/freiraum-holzgestaltung.de\/woodi\/wp-content\/uploads\/2020\/11\/erstesmal_aufraedern-768x465.jpg 768w, https:\/\/freiraum-holzgestaltung.de\/woodi\/wp-content\/uploads\/2020\/11\/erstesmal_aufraedern-500x303.jpg 500w\" sizes=\"(max-width: 1000px) 100vw, 1000px\" \/><\/figure><\/li><li class=\"blocks-gallery-item\"><figure><img loading=\"lazy\" decoding=\"async\" width=\"1000\" height=\"655\" src=\"https:\/\/freiraum-holzgestaltung.de\/woodi\/wp-content\/uploads\/2020\/11\/scheibenbremswerkzeug.jpg\" alt=\"\" data-id=\"1230\" data-full-url=\"https:\/\/freiraum-holzgestaltung.de\/woodi\/wp-content\/uploads\/2020\/11\/scheibenbremswerkzeug.jpg\" data-link=\"https:\/\/freiraum-holzgestaltung.de\/woodi\/lastenfahrrad-e-bike-bauanleitung\/attachment\/scheibenbremswerkzeug\/#main\" class=\"wp-image-1230\" srcset=\"https:\/\/freiraum-holzgestaltung.de\/woodi\/wp-content\/uploads\/2020\/11\/scheibenbremswerkzeug.jpg 1000w, https:\/\/freiraum-holzgestaltung.de\/woodi\/wp-content\/uploads\/2020\/11\/scheibenbremswerkzeug-300x197.jpg 300w, https:\/\/freiraum-holzgestaltung.de\/woodi\/wp-content\/uploads\/2020\/11\/scheibenbremswerkzeug-768x503.jpg 768w, https:\/\/freiraum-holzgestaltung.de\/woodi\/wp-content\/uploads\/2020\/11\/scheibenbremswerkzeug-500x328.jpg 500w\" sizes=\"(max-width: 1000px) 100vw, 1000px\" \/><\/figure><\/li><\/ul><\/figure><figure class=\"wp-block-image size-large is-style-default\"><img loading=\"lazy\" decoding=\"async\" width=\"890\" height=\"1024\" src=\"https:\/\/freiraum-holzgestaltung.de\/woodi\/wp-content\/uploads\/2020\/12\/woodischoeoeoen03-890x1024.jpg\" alt=\"Lastenfahrrad E-bike Woodi mit Holz Rahmen und Multicharger Packtaschen am Hecktr\u00e4ger\" class=\"wp-image-1552\" title=\"Lastenfahrrad E-bike Woodi mit Holz Rahmen und Multicharger Packtaschen am Hecktr\u00e4ger\" srcset=\"https:\/\/freiraum-holzgestaltung.de\/woodi\/wp-content\/uploads\/2020\/12\/woodischoeoeoen03-890x1024.jpg 890w, https:\/\/freiraum-holzgestaltung.de\/woodi\/wp-content\/uploads\/2020\/12\/woodischoeoeoen03-261x300.jpg 261w, https:\/\/freiraum-holzgestaltung.de\/woodi\/wp-content\/uploads\/2020\/12\/woodischoeoeoen03-768x884.jpg 768w, https:\/\/freiraum-holzgestaltung.de\/woodi\/wp-content\/uploads\/2020\/12\/woodischoeoeoen03-300x345.jpg 300w, https:\/\/freiraum-holzgestaltung.de\/woodi\/wp-content\/uploads\/2020\/12\/woodischoeoeoen03-500x575.jpg 500w, https:\/\/freiraum-holzgestaltung.de\/woodi\/wp-content\/uploads\/2020\/12\/woodischoeoeoen03.jpg 1200w\" sizes=\"(max-width: 890px) 100vw, 890px\" \/><figcaption><strong>Riese &amp; M\u00fcller Multicharger Packtaschen am Lastenfahrrad Woodi<\/strong><\/figcaption><\/figure><p>Es hat sich folgende Montagereihenfolge bew\u00e4hrt, um unsere Hilfsreling m\u00f6glichst effektiv zum fixieren des Rahmens nutzen zu k\u00f6nnen:<\/p><h4 class=\"wp-block-heading\"><strong>2.7.1 | Holz Lastenfahrrad E-Bike Steuerkopflager<\/strong><\/h4><p><strong>Der Ahead-Steuersatz 1 1\/8&#8243; beinhaltet<\/strong> zwei Lagerschalen. Diese m\u00fcssen sorgf\u00e4ltig und ohne rohe Gewalt in das Steuerrohr eingepresst werden. Da wir nahtloses Stahlrohr verwendet haben und dies genau winklig abgel\u00e4ngt und geschliffen ist, er\u00fcbrigt sich das Aufreiben der Rohrenden mit einem Spezialwerkzeug. Zum Einpressen der Lager gibt es ebenfalls ein extra Presswerkzeug zu kaufen, es funktioniert aber genau so gut mit einem&#8230;<\/p><p><strong>Die Lagerschalen werden von Oben und Unten angesetzt und mit unserem Hilfswerkzeug<\/strong> vorsichtig in das Steuerrohr gepresst. Jetzt kann der Gabelschaft unserer extrastabilen Lastenfahrrad E-Bike Federgabel mit den jeweiligen Lagern und Zwischenringen versehen, und mit Hilfe des Vorbaus probeweise montiert werden. Da wir zur besseren Handhabung des Rahmens die Gabel&#8230;<\/p><p><strong>Das Anzugsmoment f\u00fcr die Schrauben des Vorbaus<\/strong> ist meist aufgedruckt und betr\u00e4gt nur ca. 4-6 Nm. Generell sollte man alle Verbindungen der Anbauteile eher vorsichtig festziehen &#8211; vor allem bei den Teilen, die&#8230;<\/p><p>&#8230;<\/p><figure class=\"wp-block-image size-large is-resized is-style-default\"><img loading=\"lazy\" decoding=\"async\" src=\"https:\/\/freiraum-holzgestaltung.de\/woodi\/wp-content\/uploads\/2020\/11\/steuerlagerschale-e1606747127760.jpg\" alt=\"e-bike Lastenrad aus Holz Steuerkopf-Lagerschale einbauen\" class=\"wp-image-1231\" width=\"600\" height=\"450\" title=\"e-bike Lastenrad aus Holz Steuerkopf-Lagerschale einbauen\" srcset=\"https:\/\/freiraum-holzgestaltung.de\/woodi\/wp-content\/uploads\/2020\/11\/steuerlagerschale-e1606747127760.jpg 600w, https:\/\/freiraum-holzgestaltung.de\/woodi\/wp-content\/uploads\/2020\/11\/steuerlagerschale-e1606747127760-300x225.jpg 300w, https:\/\/freiraum-holzgestaltung.de\/woodi\/wp-content\/uploads\/2020\/11\/steuerlagerschale-e1606747127760-500x375.jpg 500w\" sizes=\"(max-width: 600px) 100vw, 600px\" \/><figcaption><strong><span class=\"has-inline-color has-black-color\"><\/span><\/strong><\/figcaption><\/figure><p><strong>Oben:<\/strong> Ahead-Steuersatz 1 1\/8 | Obere Lagerschale im Lastenfahrrad E-Bike Holzrahmen eingebaut<\/p><div style=\"height:40px\" aria-hidden=\"true\" class=\"wp-block-spacer\"><\/div><h4 class=\"wp-block-heading\"><strong>2.7.2 | Sattelrohr<\/strong><\/h4><p><strong>Das wie oben beschrieben vorbereitete<\/strong> geschlitzte Sattelrohr erh\u00e4lt an der Austrittsstelle lediglich noch eine Abdeckung mit der auf der Abb. gezeigten Scheibe. Diese wird mit vier M3 x 20 Inbuss-Linsenkopfschrauben montiert. Dazu bohren wir mit einem&#8230;<\/p><p>&#8230;<\/p><h4 class=\"wp-block-heading\"><strong>2.7.3 | Tretlager<\/strong><\/h4><p>Falls wir die Bohrungen f\u00fcr das Tretlager von innen noch nicht mit Bootslack gesch\u00fctzt haben, holen wir das jetzt nach. Dabei sollte man&#8230;<\/p><p>&#8230;<\/p><h4 class=\"wp-block-heading\"><strong>2.7.4 | Hintere Ausfallenden<\/strong><\/h4><p><strong>Dort befestigen wir zuerst das Schaltwerk von innen<\/strong> an der inneren rechten Schlitzscheibe mit zwei Sicherungsmuttern M5 und dem St\u00fcck Gewindestab, das ca. 15 mm l\u00e4nger ist als die&#8230;<\/p><p><strong>Entsprechend verfahren wir mit den Scheiben<\/strong> des linken Ausfallendes, nur dass dort an der inneren Schlitzscheibe vorher schon der Adapterwinkel f\u00fcr den Bremssattel&nbsp; mit zwei kurzen Schrauben montiert wird. Details dazu sind in Abschnitt 1.6 genau beschrieben. Dazu&#8230;<\/p><p><strong>Nun k\u00f6nnen wir das Lastenfahrrad <\/strong>E-Bike Hinterrad mit montierter Bremsscheibe in die hinteren Ausfallenden des kopf\u00fcber liegenden Rahmens einsetzen. Dabei sind auf beiden Seiten der Achse jeweils innen die&#8230;<\/p><p>&#8230;<\/p><figure class=\"wp-block-image size-large is-style-default\"><img loading=\"lazy\" decoding=\"async\" width=\"1000\" height=\"655\" src=\"https:\/\/freiraum-holzgestaltung.de\/woodi\/wp-content\/uploads\/2020\/11\/scheibenbremswerkzeug.jpg\" alt=\"Lastenfahrrad E-Bike aus Holz Endmontage hintere Ausfallenden\" class=\"wp-image-1230\" srcset=\"https:\/\/freiraum-holzgestaltung.de\/woodi\/wp-content\/uploads\/2020\/11\/scheibenbremswerkzeug.jpg 1000w, https:\/\/freiraum-holzgestaltung.de\/woodi\/wp-content\/uploads\/2020\/11\/scheibenbremswerkzeug-300x197.jpg 300w, https:\/\/freiraum-holzgestaltung.de\/woodi\/wp-content\/uploads\/2020\/11\/scheibenbremswerkzeug-768x503.jpg 768w, https:\/\/freiraum-holzgestaltung.de\/woodi\/wp-content\/uploads\/2020\/11\/scheibenbremswerkzeug-500x328.jpg 500w\" sizes=\"(max-width: 1000px) 100vw, 1000px\" \/><\/figure><p><strong>Oben:<\/strong> Vorsichtiges Richten einer leicht verzogenen Bremsscheibe<\/p><div style=\"height:40px\" aria-hidden=\"true\" class=\"wp-block-spacer\"><\/div><h4 class=\"wp-block-heading\"><strong>2.7.5 | Kabel- und Lastenfahrrad E-Bike Reglermontage<\/strong><\/h4><p><strong>Der Motorregler des E-Bike&#8217;s wird an dem zuvor schon ein laminierten Haltewinkel<\/strong> etwa mittig im Reglerkasten befestigt, damit er allseitig gut seine Betriebsw\u00e4rme an die Umgebungsluft abgeben kann. Aus diesem Grund erh\u00e4lt er auch von unten keine zus\u00e4tzliche Abdeckung, der Spritzschutz wird sp\u00e4ter durch&#8230;<\/p><p><strong>Nachdem der Regler an Ort- und Stelle sitzt<\/strong>, verlegen wir alle Leitungen und Z\u00fcge von vorn entlang der Kabelnut am Rahmen und durch die Aussparung im Tretlagerholm. Die zu den hinteren Ausfallenden weiter f\u00fchrenden Z\u00fcge werden dabei ebenso wie auch das Motorkabel sauber mit kleinen&#8230;<\/p><p><strong>Der PAS Tretsensor <\/strong>kann jetzt stramm auf die linke Achsh\u00e4lfte des Tretlagers geschoben werden. Bei unserer Art von Tretlagerkonstruktion wird die Verwendung eines gekapselten 12-Signal PAS Tretsensors V7 empfohlen. Die herk\u00f6mmlichen Kurbel-Signalgeber mit extra Permanentmagnet-Scheibe eignen sich in diesem&#8230;<\/p><p><strong>Als n\u00e4chstes wird die Akkuhalterung des Lastenfahrrad E-Bike-Flaschenakkus<\/strong> von unten am Vorderholm mit Hilfe von 3 einzulaminierenden Stehbolzen M4 wie in der Abb. gezeigt befestigt. Dadurch werden gleichzeitig die in der Kabelnut liegenden Kabel fixiert. Bitte dazu aus den weiter oben genannten Gr\u00fcnden keine Holzschrauben verwenden. Die Vorgehensweise ist identisch mit allen anderen zus\u00e4tzlich am Holzrahmen anzubringenden Stehbolzen: 1. Vorbohren | 2. Gewinde mit Epoxidharz&#8230;<\/p><p>&#8230;<\/p><h4 class=\"wp-block-heading\"><strong>2.7.6 | Programmierung &amp; Probelauf Motor<\/strong><\/h4><p><strong>F\u00fcr alle Leser, die sich f\u00fcr Details interessieren<\/strong> und gern wissen wie und warum etwas genau so funktioniert und nicht anders: Der mit dem Xiongda 2-speed Motor gelieferte Regler hat noch folgende Besonderheit: Die Vektorregelung. Bei der Vektorregelung&#8230;<\/p><p>&#8230;<\/p><h4 class=\"wp-block-heading\"><strong>2.7.7 | Gabel und Vorderrad<\/strong><\/h4><p><strong>Eine Luft- oder Federgabel<\/strong> entlastet nicht nur unsere Gelenke, sondern h\u00e4lt auch St\u00f6\u00dfe vom Holzrahmen fern. Zus\u00e4tzlich sorgt sie f\u00fcr besseren Bodenkontakt in unebenem Gel\u00e4nde. Nat\u00fcrlich hat auch eine Starrgabel&#8230;<\/p><p>&#8230;<\/p><figure class=\"wp-block-image size-large is-style-default\"><img loading=\"lazy\" decoding=\"async\" width=\"1000\" height=\"605\" src=\"https:\/\/freiraum-holzgestaltung.de\/woodi\/wp-content\/uploads\/2020\/11\/erstesmal_aufraedern.jpg\" alt=\"Lastenfahrrad E-Bike aus Holz Endmontage\" class=\"wp-image-1228\" srcset=\"https:\/\/freiraum-holzgestaltung.de\/woodi\/wp-content\/uploads\/2020\/11\/erstesmal_aufraedern.jpg 1000w, https:\/\/freiraum-holzgestaltung.de\/woodi\/wp-content\/uploads\/2020\/11\/erstesmal_aufraedern-300x182.jpg 300w, https:\/\/freiraum-holzgestaltung.de\/woodi\/wp-content\/uploads\/2020\/11\/erstesmal_aufraedern-768x465.jpg 768w, https:\/\/freiraum-holzgestaltung.de\/woodi\/wp-content\/uploads\/2020\/11\/erstesmal_aufraedern-500x303.jpg 500w\" sizes=\"(max-width: 1000px) 100vw, 1000px\" \/><\/figure><p><strong>Oben:<\/strong> Gro\u00dfer Moment &#8211; Lastenfahrrad E-Bike Woodi das erste Mal auf R\u00e4dern<\/p><div style=\"height:40px\" aria-hidden=\"true\" class=\"wp-block-spacer\"><\/div><h4 class=\"wp-block-heading\"><strong>2.7.8 | Montage-Endspurt<\/strong><\/h4><ul><li>Lange Kette &amp; Rahmen-Kettenschutz anbringen\u2026<\/li><li>Schaltzug &amp; Schaltung einstellen&#8230;<\/li><li>Lenker, Bremshebel &amp; sonstige Bedienelemente&#8230;<\/li><li>Hydraulische Scheibenbremsen&#8230;<\/li><li>Seitenst\u00e4nder richtig befestigen&#8230;<\/li><li>Extrabreite Schutzbleche montieren&#8230;<\/li><li>und mehr&#8230;<\/li><\/ul><p class=\"has-cyan-bluish-gray-color has-text-color\">( Ende Textauszug Lastenfahrrad E-Bike Endmontage)<\/p><div class=\"wp-block-media-text is-stacked-on-mobile is-vertically-aligned-bottom\" style=\"grid-template-columns:38% auto\"><figure class=\"wp-block-media-text__media\"><a href=\"https:\/\/freiraum-holzgestaltung.de\/woodi\/produkt\/basic-lizenz\/\"><img loading=\"lazy\" decoding=\"async\" width=\"500\" height=\"698\" src=\"https:\/\/freiraum-holzgestaltung.de\/woodi\/wp-content\/uploads\/2020\/05\/holz_lastenrad01.jpg\" alt=\"e-bike Lastenrad selber bauen Endmontage\" class=\"wp-image-542\" srcset=\"https:\/\/freiraum-holzgestaltung.de\/woodi\/wp-content\/uploads\/2020\/05\/holz_lastenrad01.jpg 500w, https:\/\/freiraum-holzgestaltung.de\/woodi\/wp-content\/uploads\/2020\/05\/holz_lastenrad01-300x419.jpg 300w\" sizes=\"(max-width: 500px) 100vw, 500px\" \/><\/a><\/figure><div class=\"wp-block-media-text__content\"><div class=\"gb-button-wrapper gb-button-wrapper-04d29fe1\"><p><strong>Weiter lesen in der 69 seitigen Lastenrad-Bauanleitung<\/strong> mit 95 Abbildungen, Zeichnungen und Tabellen. Ratgeber mit Praxis-Tipp&#8217;s und detaillierten Schritt-f\u00fcr-Schritt-Anleitungen&#8230;<\/p>\n\n<div style=\"height:50px\" aria-hidden=\"true\" class=\"wp-block-spacer\"><\/div>\n\n<a class=\"gb-button gb-button-33974e04\" href=\"https:\/\/freiraum-holzgestaltung.de\/woodi\/produkt\/basic-lizenz\/\"><span class=\"gb-icon\"><svg xmlns=\"http:\/\/www.w3.org\/2000\/svg\" viewBox=\"0 0 256 512\" width=\"1em\" height=\"1em\" aria-hidden=\"true\"><path d=\"M224.3 273l-136 136c-9.4 9.4-24.6 9.4-33.9 0l-22.6-22.6c-9.4-9.4-9.4-24.6 0-33.9l96.4-96.4-96.4-96.4c-9.4-9.4-9.4-24.6 0-33.9L54.3 103c9.4-9.4 24.6-9.4 33.9 0l136 136c9.5 9.4 9.5 24.6.1 34z\" fill=\"currentColor\"><\/path><\/svg><\/span><span class=\"button-text\">mehr lesen &#8230;<\/span><\/a>\n\n<p><\/p><\/div><\/div><\/div><p><\/p><div style=\"height:50px\" aria-hidden=\"true\" class=\"wp-block-spacer\"><\/div><p><a rel=\"noreferrer noopener\" class=\"rank-math-link\" href=\"https:\/\/www.youtube.com\/channel\/UCZgPGfpSYbXP_LyLwPWfEuA\" target=\"_blank\">&gt;&gt;&gt; Lastenrad Kanal auf youtube<\/a><\/p>","protected":false},"excerpt":{"rendered":"<p>( Beginn Textauszug Bauanleitung) Zun\u00e4chst wird der Reglerkasten unseres E-Bike&#8217;s von innen satt mit Epoxidharz eingestrichen und abgedichtet. Die Winkel und Ecken des Reglerfach&#8217;s erhalten von innen ebenfalls eine mit Carbonfasermatte oder Glasgewebe 3-lagig laminierte Verst\u00e4rkung. Danach empfiehlt sich die unten aufgef\u00fchrte Montagereihenfolge. Es hat sich folgende Montagereihenfolge bew\u00e4hrt, um unsere Hilfsreling m\u00f6glichst effektiv zum &#8230; <\/p>\n<p class=\"read-more-container\"><a title=\"05 | Lastenfahrrad E-Bike | Endmontage\" class=\"read-more button\" href=\"https:\/\/freiraum-holzgestaltung.de\/woodi\/lastenfahrrad-e-bike-bauanleitung\/#more-1144\">Continue<span class=\"screen-reader-text\">05 | Lastenfahrrad E-Bike | Endmontage<\/span><\/a><\/p>\n","protected":false},"author":1,"featured_media":0,"parent":0,"menu_order":0,"comment_status":"closed","ping_status":"closed","template":"","meta":{"footnotes":""},"_links":{"self":[{"href":"https:\/\/freiraum-holzgestaltung.de\/woodi\/wp-json\/wp\/v2\/pages\/1144"}],"collection":[{"href":"https:\/\/freiraum-holzgestaltung.de\/woodi\/wp-json\/wp\/v2\/pages"}],"about":[{"href":"https:\/\/freiraum-holzgestaltung.de\/woodi\/wp-json\/wp\/v2\/types\/page"}],"author":[{"embeddable":true,"href":"https:\/\/freiraum-holzgestaltung.de\/woodi\/wp-json\/wp\/v2\/users\/1"}],"replies":[{"embeddable":true,"href":"https:\/\/freiraum-holzgestaltung.de\/woodi\/wp-json\/wp\/v2\/comments?post=1144"}],"version-history":[{"count":62,"href":"https:\/\/freiraum-holzgestaltung.de\/woodi\/wp-json\/wp\/v2\/pages\/1144\/revisions"}],"predecessor-version":[{"id":1553,"href":"https:\/\/freiraum-holzgestaltung.de\/woodi\/wp-json\/wp\/v2\/pages\/1144\/revisions\/1553"}],"wp:attachment":[{"href":"https:\/\/freiraum-holzgestaltung.de\/woodi\/wp-json\/wp\/v2\/media?parent=1144"}],"curies":[{"name":"wp","href":"https:\/\/api.w.org\/{rel}","templated":true}]}}