{"id":1142,"date":"2020-11-30T09:15:30","date_gmt":"2020-11-30T09:15:30","guid":{"rendered":"https:\/\/freiraum-holzgestaltung.de\/woodi\/?page_id=1142"},"modified":"2020-12-03T15:53:20","modified_gmt":"2020-12-03T15:53:20","slug":"holz-fahrrad-rahmen-bauen","status":"publish","type":"page","link":"https:\/\/freiraum-holzgestaltung.de\/woodi\/holz-fahrrad-rahmen-bauen\/","title":{"rendered":"06 | Holz Fahrrad-Rahmen-Bau"},"content":{"rendered":"<h4 class=\"wp-block-heading\"><strong>1.4.1 Holz Fahrrad &#8211; Grundlagen<\/strong><\/h4><h4 class=\"has-cyan-bluish-gray-color has-text-color wp-block-heading\">(Leseprobe Ausz\u00fcge Bauanleitung)<strong>\u00a0<\/strong><\/h4><p><strong>Es gibt die verschiedensten Rahmen-Konstruktionsans\u00e4tze<\/strong>, die meisten davon orientieren sich optisch an den filigranen Vorbildern aus Stahl und Aluminium &#8211; schon allein aus Gewichtsgr\u00fcnden. Manchmal werden auch Verbundwerkstoffe, z.B. Multiplex zum Rahmenbau verwendet. Der Ansatz f\u00fcr den Woodi-Rahmen war ein etwas anderer&#8230;<\/p><figure class=\"wp-block-image size-large is-style-default\"><img loading=\"lazy\" decoding=\"async\" width=\"1000\" height=\"926\" src=\"https:\/\/freiraum-holzgestaltung.de\/woodi\/wp-content\/uploads\/2020\/10\/schraegvonhinten_autobahn.jpg\" alt=\"Woodi - Das Holz Fahrrad zum selber bauen\" class=\"wp-image-388\" srcset=\"https:\/\/freiraum-holzgestaltung.de\/woodi\/wp-content\/uploads\/2020\/10\/schraegvonhinten_autobahn.jpg 1000w, https:\/\/freiraum-holzgestaltung.de\/woodi\/wp-content\/uploads\/2020\/10\/schraegvonhinten_autobahn-300x278.jpg 300w, https:\/\/freiraum-holzgestaltung.de\/woodi\/wp-content\/uploads\/2020\/10\/schraegvonhinten_autobahn-500x463.jpg 500w, https:\/\/freiraum-holzgestaltung.de\/woodi\/wp-content\/uploads\/2020\/10\/schraegvonhinten_autobahn-768x711.jpg 768w\" sizes=\"(max-width: 1000px) 100vw, 1000px\" \/><\/figure><p><strong>Auf Grund seiner guten Eigenschaften und Verf\u00fcgbarkeit wurde <\/strong>Holz fr\u00fcher viel mehr zum Bau unterschiedlichster, auch kleiner Dinge verwendet als heute. Es ist einer der \u00e4ltesten Werkstoffe und nicht nur in Punkto Festigkeitswerten ein Wunder der Natur. In der Tabelle auf Seite&#8230;<\/p><figure class=\"wp-block-image size-large is-style-default\"><img loading=\"lazy\" decoding=\"async\" width=\"1000\" height=\"368\" src=\"https:\/\/freiraum-holzgestaltung.de\/woodi\/wp-content\/uploads\/2020\/12\/05.jpg\" alt=\"Holz Fahrrad Rahmen-Bau\" class=\"wp-image-1292\" title=\"Holz Fahrrad Rahmen-Bau\" srcset=\"https:\/\/freiraum-holzgestaltung.de\/woodi\/wp-content\/uploads\/2020\/12\/05.jpg 1000w, https:\/\/freiraum-holzgestaltung.de\/woodi\/wp-content\/uploads\/2020\/12\/05-300x110.jpg 300w, https:\/\/freiraum-holzgestaltung.de\/woodi\/wp-content\/uploads\/2020\/12\/05-768x283.jpg 768w, https:\/\/freiraum-holzgestaltung.de\/woodi\/wp-content\/uploads\/2020\/12\/05-500x184.jpg 500w\" sizes=\"(max-width: 1000px) 100vw, 1000px\" \/><\/figure><p><strong>F\u00fcr den Bau von <strong>Holz Fahrr\u00e4dern<\/strong><\/strong> <strong>eignen sich je nach Verf\u00fcgbarkeit grunds\u00e4tzlich viele Holzarten<\/strong>, es gibt jedoch drei, die f\u00fcr so ein Projekt besonders gut geeignet sind: Das sind die einheimischen&#8230;<\/p><p>&#8230;<\/p><p><strong>Man erkennt an den Werten in der Tabelle auf Seite 21<\/strong>, dass die mittleren Festigkeiten von Holz mit denen der Metalle durchaus mithalten k\u00f6nnen bzw. bezogen auf das Gewicht diese sogar \u00fcbertreffen. Holz eignet sich daher bei entsprechender Dimensionierung gut f\u00fcr den Bau von Fahrradrahmen und anderen hoch belasteten mechanischen Bauteilen. Wir m\u00fcssen beim Bau nur beachten&#8230;<\/p><p>&#8230;<\/p><p><strong>Das Holz Fahrrad Woodi sollte nicht das federleichte Aussehen<\/strong> eines Diamant-Rahmens bekommen, sondern die materialtypische Anmutung einer robusten Holzkonstruktion. Ein ultraleichter Rahmen war weder optisch noch technisch das Ziel &#8211; sondern robuste Stabilit\u00e4t, die mit relativ einfachen Mitteln kosteng\u00fcnstig zu bauen ist.<\/p><p class=\"has-cyan-bluish-gray-color has-text-color\">(Ende Leseprobe Ausz\u00fcge Bauanleitung)<\/p><div class=\"wp-block-media-text is-stacked-on-mobile is-vertically-aligned-bottom\" style=\"grid-template-columns:38% auto\"><figure class=\"wp-block-media-text__media\"><a href=\"https:\/\/freiraum-holzgestaltung.de\/woodi\/produkt\/basic-lizenz\/\"><img loading=\"lazy\" decoding=\"async\" width=\"500\" height=\"698\" src=\"https:\/\/freiraum-holzgestaltung.de\/woodi\/wp-content\/uploads\/2020\/05\/holz_lastenrad01.jpg\" alt=\"Holz | fahrrad | selber bauen grundlagen\" class=\"wp-image-542\" srcset=\"https:\/\/freiraum-holzgestaltung.de\/woodi\/wp-content\/uploads\/2020\/05\/holz_lastenrad01.jpg 500w, https:\/\/freiraum-holzgestaltung.de\/woodi\/wp-content\/uploads\/2020\/05\/holz_lastenrad01-300x419.jpg 300w\" sizes=\"(max-width: 500px) 100vw, 500px\" \/><\/a><\/figure><div class=\"wp-block-media-text__content\"><div class=\"gb-button-wrapper gb-button-wrapper-04d29fe1\"><p><strong>Alles lesen in der 69 seitigen Lastenrad-Bauanleitung<\/strong> mit 95 Abbildungen, Zeichnungen und Tabellen. Praxis-Ratgeber mit Tipp&#8217;s und detaillierten Schritt-f\u00fcr-Schritt-Anleitungen&#8230;<\/p>\n\n<div style=\"height:50px\" aria-hidden=\"true\" class=\"wp-block-spacer\"><\/div>\n\n<a class=\"gb-button gb-button-33974e04\" href=\"https:\/\/freiraum-holzgestaltung.de\/woodi\/produkt\/basic-lizenz\/\"><span class=\"gb-icon\"><svg xmlns=\"http:\/\/www.w3.org\/2000\/svg\" viewBox=\"0 0 256 512\" width=\"1em\" height=\"1em\" aria-hidden=\"true\"><path d=\"M224.3 273l-136 136c-9.4 9.4-24.6 9.4-33.9 0l-22.6-22.6c-9.4-9.4-9.4-24.6 0-33.9l96.4-96.4-96.4-96.4c-9.4-9.4-9.4-24.6 0-33.9L54.3 103c9.4-9.4 24.6-9.4 33.9 0l136 136c9.5 9.4 9.5 24.6.1 34z\" fill=\"currentColor\"><\/path><\/svg><\/span><span class=\"button-text\">mehr lesen &#8230;<\/span><\/a>\n\n<p><\/p><\/div><\/div><\/div><div style=\"height:44px\" aria-hidden=\"true\" class=\"wp-block-spacer\"><\/div><p><strong>Video Woodi &#8211; Das Holz Fahrrad zum selbst bauen<\/strong><\/p><figure class=\"wp-block-embed-youtube wp-block-embed is-type-video is-provider-youtube wp-embed-aspect-16-9 wp-has-aspect-ratio\"><div class=\"wp-block-embed__wrapper\">\n<iframe loading=\"lazy\" title=\"E-Bike | Bauanleitung | Lastenrad | Holz | selber bauen | DIY | wooden cargo bike\" width=\"1200\" height=\"675\" src=\"https:\/\/www.youtube.com\/embed\/vCAnIpxFcu8?start=64&#038;feature=oembed\" frameborder=\"0\" allow=\"accelerometer; autoplay; clipboard-write; encrypted-media; gyroscope; picture-in-picture\" allowfullscreen><\/iframe>\n<\/div><\/figure><p><a rel=\"noreferrer noopener\" href=\"https:\/\/www.youtube.com\/channel\/UCZgPGfpSYbXP_LyLwPWfEuA\" target=\"_blank\" class=\"rank-math-link\">&gt;&gt;&gt; Lastenrad Kanal auf youtube<\/a><\/p>","protected":false},"excerpt":{"rendered":"<p>1.4.1 Holz Fahrrad &#8211; Grundlagen (Leseprobe Ausz\u00fcge Bauanleitung)\u00a0 Es gibt die verschiedensten Rahmen-Konstruktionsans\u00e4tze, die meisten davon orientieren sich optisch an den filigranen Vorbildern aus Stahl und Aluminium &#8211; schon allein aus Gewichtsgr\u00fcnden. Manchmal werden auch Verbundwerkstoffe, z.B. Multiplex zum Rahmenbau verwendet. Der Ansatz f\u00fcr den Woodi-Rahmen war ein etwas anderer&#8230; Auf Grund seiner guten Eigenschaften &#8230; <\/p>\n<p class=\"read-more-container\"><a title=\"06 | Holz Fahrrad-Rahmen-Bau\" class=\"read-more button\" href=\"https:\/\/freiraum-holzgestaltung.de\/woodi\/holz-fahrrad-rahmen-bauen\/#more-1142\">Continue<span class=\"screen-reader-text\">06 | Holz Fahrrad-Rahmen-Bau<\/span><\/a><\/p>\n","protected":false},"author":1,"featured_media":0,"parent":0,"menu_order":0,"comment_status":"closed","ping_status":"closed","template":"","meta":{"footnotes":""},"_links":{"self":[{"href":"https:\/\/freiraum-holzgestaltung.de\/woodi\/wp-json\/wp\/v2\/pages\/1142"}],"collection":[{"href":"https:\/\/freiraum-holzgestaltung.de\/woodi\/wp-json\/wp\/v2\/pages"}],"about":[{"href":"https:\/\/freiraum-holzgestaltung.de\/woodi\/wp-json\/wp\/v2\/types\/page"}],"author":[{"embeddable":true,"href":"https:\/\/freiraum-holzgestaltung.de\/woodi\/wp-json\/wp\/v2\/users\/1"}],"replies":[{"embeddable":true,"href":"https:\/\/freiraum-holzgestaltung.de\/woodi\/wp-json\/wp\/v2\/comments?post=1142"}],"version-history":[{"count":38,"href":"https:\/\/freiraum-holzgestaltung.de\/woodi\/wp-json\/wp\/v2\/pages\/1142\/revisions"}],"predecessor-version":[{"id":1745,"href":"https:\/\/freiraum-holzgestaltung.de\/woodi\/wp-json\/wp\/v2\/pages\/1142\/revisions\/1745"}],"wp:attachment":[{"href":"https:\/\/freiraum-holzgestaltung.de\/woodi\/wp-json\/wp\/v2\/media?parent=1142"}],"curies":[{"name":"wp","href":"https:\/\/api.w.org\/{rel}","templated":true}]}}