{"id":1127,"date":"2020-11-30T08:42:05","date_gmt":"2020-11-30T08:42:05","guid":{"rendered":"https:\/\/freiraum-holzgestaltung.de\/woodi\/?page_id=1127"},"modified":"2020-12-03T09:33:08","modified_gmt":"2020-12-03T09:33:08","slug":"lastendreirad","status":"publish","type":"page","link":"https:\/\/freiraum-holzgestaltung.de\/woodi\/lastendreirad\/","title":{"rendered":"04.1 | Lastendreirad | Musketier"},"content":{"rendered":"<h4 class=\"wp-block-heading\"><strong>01 |<\/strong> <strong>Radkutsche Musketier &#8211; Ein Lastendreirad f\u00fcr (fast) alle Transportaufgaben<\/strong><\/h4><p><strong>Ein starkes robustes <strong>Lastendreirad<\/strong> mit universellen Aufbaum\u00f6glichkeiten.<\/strong> Die Firma Radkutsche ist flexibel und geht freundlich auf Sonderw\u00fcnsche ein. F\u00fcr den geplanten Pritschenaufbau lieferten sie ein Musketier mit verl\u00e4ngertem Rahmen. Dadurch ergab sich die M\u00f6glichkeit, eine Ladefl\u00e4che von 1 m x 2 m zu montieren. Bei Bedarf ist der Aufbau mit Hochplane und Spriegel erweiterbar. <\/p><figure class=\"wp-block-gallery columns-3 is-cropped wp-block-gallery-1 is-layout-flex wp-block-gallery-is-layout-flex\"><ul class=\"blocks-gallery-grid\"><li class=\"blocks-gallery-item\"><figure><img loading=\"lazy\" decoding=\"async\" width=\"1000\" height=\"781\" src=\"https:\/\/freiraum-holzgestaltung.de\/woodi\/wp-content\/uploads\/2020\/12\/07.jpg\" alt=\"Lastendreirad Musketier Radkutsche\" data-id=\"1455\" data-full-url=\"https:\/\/freiraum-holzgestaltung.de\/woodi\/wp-content\/uploads\/2020\/12\/07.jpg\" data-link=\"https:\/\/freiraum-holzgestaltung.de\/woodi\/lastendreirad\/attachment\/07-2\/#main\" class=\"wp-image-1455\" srcset=\"https:\/\/freiraum-holzgestaltung.de\/woodi\/wp-content\/uploads\/2020\/12\/07.jpg 1000w, https:\/\/freiraum-holzgestaltung.de\/woodi\/wp-content\/uploads\/2020\/12\/07-300x234.jpg 300w, https:\/\/freiraum-holzgestaltung.de\/woodi\/wp-content\/uploads\/2020\/12\/07-768x600.jpg 768w, https:\/\/freiraum-holzgestaltung.de\/woodi\/wp-content\/uploads\/2020\/12\/07-500x391.jpg 500w\" sizes=\"(max-width: 1000px) 100vw, 1000px\" \/><\/figure><\/li><li class=\"blocks-gallery-item\"><figure><img loading=\"lazy\" decoding=\"async\" width=\"871\" height=\"1024\" src=\"https:\/\/freiraum-holzgestaltung.de\/woodi\/wp-content\/uploads\/2020\/12\/06-1-871x1024.jpg\" alt=\"Lastendreirad Musketier Radkutsche mit Solaranlage\" data-id=\"1454\" data-full-url=\"https:\/\/freiraum-holzgestaltung.de\/woodi\/wp-content\/uploads\/2020\/12\/06-1.jpg\" data-link=\"https:\/\/freiraum-holzgestaltung.de\/woodi\/lastendreirad\/attachment\/06-3\/#main\" class=\"wp-image-1454\" srcset=\"https:\/\/freiraum-holzgestaltung.de\/woodi\/wp-content\/uploads\/2020\/12\/06-1-871x1024.jpg 871w, https:\/\/freiraum-holzgestaltung.de\/woodi\/wp-content\/uploads\/2020\/12\/06-1-255x300.jpg 255w, https:\/\/freiraum-holzgestaltung.de\/woodi\/wp-content\/uploads\/2020\/12\/06-1-768x902.jpg 768w, https:\/\/freiraum-holzgestaltung.de\/woodi\/wp-content\/uploads\/2020\/12\/06-1-300x353.jpg 300w, https:\/\/freiraum-holzgestaltung.de\/woodi\/wp-content\/uploads\/2020\/12\/06-1-500x588.jpg 500w, https:\/\/freiraum-holzgestaltung.de\/woodi\/wp-content\/uploads\/2020\/12\/06-1.jpg 1000w\" sizes=\"(max-width: 871px) 100vw, 871px\" \/><\/figure><\/li><li class=\"blocks-gallery-item\"><figure><img loading=\"lazy\" decoding=\"async\" width=\"472\" height=\"350\" src=\"https:\/\/freiraum-holzgestaltung.de\/woodi\/wp-content\/uploads\/2020\/12\/05-1.jpg\" alt=\"Lastendreirad Musketier Radkutsche mit Pritschenaufbau\" data-id=\"1453\" data-full-url=\"https:\/\/freiraum-holzgestaltung.de\/woodi\/wp-content\/uploads\/2020\/12\/05-1.jpg\" data-link=\"https:\/\/freiraum-holzgestaltung.de\/woodi\/lastendreirad\/attachment\/05-3\/#main\" class=\"wp-image-1453\" srcset=\"https:\/\/freiraum-holzgestaltung.de\/woodi\/wp-content\/uploads\/2020\/12\/05-1.jpg 472w, https:\/\/freiraum-holzgestaltung.de\/woodi\/wp-content\/uploads\/2020\/12\/05-1-300x222.jpg 300w\" sizes=\"(max-width: 472px) 100vw, 472px\" \/><\/figure><\/li><\/ul><\/figure><p><strong>Mit dem Lastendreirad wird alles transportiert, was zu klein f\u00fcr einen LKW ist:<\/strong> Die Auslieferung von rustikalen Holzb\u00e4nken bis 2 m L\u00e4nge funktioniert genau so gut wie drei Meter Langholz-Transporte. Zum erstmaligen Vorbereiten einer gr\u00f6\u00dferen Baustelle kommt meistens das Musketier zum Einsatz. Eine Anfahrt mit dem Lastendreirad, und s\u00e4mtliche Werkzeuge und Kleinteilen sind vor Ort. <\/p><p><strong>Sollte die max. Gesamtmasse von 300 Kilogramm<\/strong> einmal nicht ausreichen, fahre ich zweimal oder lasse das Holz mit einem LKW anliefern. Das wurde fr\u00fcher mit dem Transporter auch schon so gehandhabt. <\/p><p><strong>Der Unterschied zu den Transporten mit dem Diesel?<\/strong> Logisch: Es stinkt nicht mehr und man muss die Zeitplanung etwas anpassen. Letzteres wird bei weitem von den niedrigeren Kosten sowie einer Menge Fahrspa\u00df aufgewogen. Angenehme Bewegung an frischer Luft und gute Laune gibt es noch gratis dazu.<\/p><div style=\"height:20px\" aria-hidden=\"true\" class=\"wp-block-spacer\"><\/div><h4 class=\"wp-block-heading\"><strong>02 | Technische Daten Musketier<\/strong><\/h4><ul><li>L\u00e4nge mit Pritsche: 340 cm<\/li><li>Breite: 105 cm<\/li><li>Ladeplattform: 200 x 100 cm<\/li><li>Ladefl\u00e4che H\u00f6he: 50 cm<\/li><li>Leergewicht: ca. 85 kg mit Aufbau<\/li><li>max. Systemgewicht: 300 kg<\/li><li>Antrieb: EZee Getriebe-Frontmotor 250 Watt Nenndauerleistung<\/li><li>Akku\/Regler: 36 V, 23 Ah, 828 Wh \/ offenes System mit Regler 20 Ampere<\/li><li>Bremsen: Scheibe, hydraulisch Tektro \/ 2 x Feststellbremse<\/li><li>Rahmen: Stabiler Stahlrohrrahmen, handgeschwei\u00dft<\/li><\/ul><figure class=\"wp-block-image size-large is-style-default\"><img loading=\"lazy\" decoding=\"async\" width=\"994\" height=\"350\" src=\"https:\/\/freiraum-holzgestaltung.de\/woodi\/wp-content\/uploads\/2020\/12\/01-2.jpg\" alt=\"Lastendreirad L\u00e4nge mit Pritsche: 340 cm\" class=\"wp-image-1449\" srcset=\"https:\/\/freiraum-holzgestaltung.de\/woodi\/wp-content\/uploads\/2020\/12\/01-2.jpg 994w, https:\/\/freiraum-holzgestaltung.de\/woodi\/wp-content\/uploads\/2020\/12\/01-2-300x106.jpg 300w, https:\/\/freiraum-holzgestaltung.de\/woodi\/wp-content\/uploads\/2020\/12\/01-2-768x270.jpg 768w, https:\/\/freiraum-holzgestaltung.de\/woodi\/wp-content\/uploads\/2020\/12\/01-2-500x176.jpg 500w\" sizes=\"(max-width: 994px) 100vw, 994px\" \/><\/figure><div style=\"height:20px\" aria-hidden=\"true\" class=\"wp-block-spacer\"><\/div><h4 class=\"wp-block-heading\"><strong>03 | Fahreigenschaften &amp; Reichweite<\/strong><\/h4><p><strong>Das Lastendreirad ohne Neigetechnik f\u00e4hrt sich vollkommen anders als ein einspuriges Fahrrad. <\/strong>Da keine Kurvenschr\u00e4glage m\u00f6glich ist, muss man versuchen, mit Gewichtsverlagerung auf die kurveninnere Seite die Lenkbewegung zu unterst\u00fctzen. Hilfreich ist dabei, wenn das kurveninnere Pedal unten ist und man darauf sein K\u00f6rpergewicht legen kann. Auf flachen Strecken kommt man je nach gew\u00e4hlter Unterst\u00fctzungsstufe auf etwa 15-20 km\/h Durchschnittsgeschwindigkeit.<\/p><p><strong>Die max. Geschwindigkeit von 25 km\/h<\/strong> erreicht man voll beladen nur durch kr\u00e4ftiges Mittreten &#8211; kein Wunder bei einem gesamten Systemgewicht von ca. 300 kg. Die Kombination aus Bio- und Elektroantrieb erm\u00f6glicht in der Ebene dennoch eine flotte Fahrt. <\/p><p><strong>Etwas anders stellt sich die Situation beladen am Berg dar:<\/strong> Obwohl der E-Zee Vorderradmotor mit seiner Untersetzung von 5:1 sehr kr\u00e4ftig ist, sinken Drehzahl und damit die Geschwindigkeit ab 12% Steigung auf den kritischen Wert von ca. 10 km\/h. Dann hei\u00dft es Bio-Kraftreserven mobilisieren, um mit Hilfe der stufenlosen 380er NuVinci-Schaltung die Trittfrequenz im optimalen Bereich zu halten. In der kleinsten \u00dcbersetzung sind das etwa 90-110 Kurbelumdrehungen\/min. Wie lang die Steigung sein darf, kommt dabei sehr auf den individuellen Trainingszustand und die Tagesform an.<\/p><p><strong>Was auff\u00e4llt:<\/strong> Ist der 36 Volt Akku voll geladen, sind Steigungen gelassener zu meistern, da die Akkuspannung dann noch im Bereich von ca. 40-42 Volt liegt. Das entspricht in der st\u00e4rksten Unterst\u00fctzungsstufe einer elektrischen Leistung von etwa 840 Watt. (Cycle-Analyst) Bei halb leerem Akku sind das im Vergleich dazu nur noch&#8230;<\/p><p class=\"has-cyan-bluish-gray-color has-text-color\">(Ende Textauszug Leseprobe Lastendreirad)<\/p><div class=\"wp-block-media-text is-stacked-on-mobile is-vertically-aligned-top\" style=\"grid-template-columns:49% auto\"><figure class=\"wp-block-media-text__media\"><a href=\"https:\/\/freiraum-holzgestaltung.de\/woodi\/produkt\/basic-lizenz\/\"><img loading=\"lazy\" decoding=\"async\" width=\"500\" height=\"698\" src=\"https:\/\/freiraum-holzgestaltung.de\/woodi\/wp-content\/uploads\/2020\/05\/holz_lastenrad01.jpg\" alt=\"Holz | fahrrad | selber bauen grundlagen\" class=\"wp-image-542\" srcset=\"https:\/\/freiraum-holzgestaltung.de\/woodi\/wp-content\/uploads\/2020\/05\/holz_lastenrad01.jpg 500w, https:\/\/freiraum-holzgestaltung.de\/woodi\/wp-content\/uploads\/2020\/05\/holz_lastenrad01-300x419.jpg 300w\" sizes=\"(max-width: 500px) 100vw, 500px\" \/><\/a><\/figure><div class=\"wp-block-media-text__content\"><div class=\"gb-button-wrapper gb-button-wrapper-483c592f\"><p><strong>Den vollst\u00e4ndigen Lastenrad-Test und alle Selbstbau-Info&#8217;s zum Woodi &#8211; dem Lastenrad aus Holz zum selbst bauen &#8211; findest Du in der 69 seitigen Bauanleitung<\/strong>. Mit Praxis-Ratgebern, Tipp&#8217;s und detaillierten Schritt-f\u00fcr-Schritt-Anleitungen. (mit \u00fcber 90 Abbildungen, Zeichnungen und Tabellen.)<\/p>\n\n<div style=\"height:50px\" aria-hidden=\"true\" class=\"wp-block-spacer\"><\/div>\n\n<a class=\"gb-button gb-button-aa1f5b63\" href=\"https:\/\/freiraum-holzgestaltung.de\/woodi\/produkt\/basic-lizenz\/\"><span class=\"gb-icon\"><svg xmlns=\"http:\/\/www.w3.org\/2000\/svg\" viewBox=\"0 0 256 512\" width=\"1em\" height=\"1em\" aria-hidden=\"true\"><path d=\"M224.3 273l-136 136c-9.4 9.4-24.6 9.4-33.9 0l-22.6-22.6c-9.4-9.4-9.4-24.6 0-33.9l96.4-96.4-96.4-96.4c-9.4-9.4-9.4-24.6 0-33.9L54.3 103c9.4-9.4 24.6-9.4 33.9 0l136 136c9.5 9.4 9.5 24.6.1 34z\" fill=\"currentColor\"><\/path><\/svg><\/span><span class=\"button-text\">mehr lesen &#8230;<\/span><\/a>\n\n<p><\/p><\/div><\/div><\/div><div style=\"height:100px\" aria-hidden=\"true\" class=\"wp-block-spacer\"><\/div><p><a rel=\"noreferrer noopener\" href=\"https:\/\/www.youtube.com\/channel\/UCZgPGfpSYbXP_LyLwPWfEuA\" target=\"_blank\">&gt;&gt;&gt; Lastenrad Kanal auf youtube<\/a><\/p>","protected":false},"excerpt":{"rendered":"<p>01 | Radkutsche Musketier &#8211; Ein Lastendreirad f\u00fcr (fast) alle Transportaufgaben Ein starkes robustes Lastendreirad mit universellen Aufbaum\u00f6glichkeiten. Die Firma Radkutsche ist flexibel und geht freundlich auf Sonderw\u00fcnsche ein. F\u00fcr den geplanten Pritschenaufbau lieferten sie ein Musketier mit verl\u00e4ngertem Rahmen. Dadurch ergab sich die M\u00f6glichkeit, eine Ladefl\u00e4che von 1 m x 2 m zu montieren. &#8230; <\/p>\n<p class=\"read-more-container\"><a title=\"04.1 | Lastendreirad | Musketier\" class=\"read-more button\" href=\"https:\/\/freiraum-holzgestaltung.de\/woodi\/lastendreirad\/#more-1127\">Continue<span class=\"screen-reader-text\">04.1 | Lastendreirad | Musketier<\/span><\/a><\/p>\n","protected":false},"author":1,"featured_media":0,"parent":0,"menu_order":0,"comment_status":"closed","ping_status":"closed","template":"","meta":{"footnotes":""},"_links":{"self":[{"href":"https:\/\/freiraum-holzgestaltung.de\/woodi\/wp-json\/wp\/v2\/pages\/1127"}],"collection":[{"href":"https:\/\/freiraum-holzgestaltung.de\/woodi\/wp-json\/wp\/v2\/pages"}],"about":[{"href":"https:\/\/freiraum-holzgestaltung.de\/woodi\/wp-json\/wp\/v2\/types\/page"}],"author":[{"embeddable":true,"href":"https:\/\/freiraum-holzgestaltung.de\/woodi\/wp-json\/wp\/v2\/users\/1"}],"replies":[{"embeddable":true,"href":"https:\/\/freiraum-holzgestaltung.de\/woodi\/wp-json\/wp\/v2\/comments?post=1127"}],"version-history":[{"count":18,"href":"https:\/\/freiraum-holzgestaltung.de\/woodi\/wp-json\/wp\/v2\/pages\/1127\/revisions"}],"predecessor-version":[{"id":1471,"href":"https:\/\/freiraum-holzgestaltung.de\/woodi\/wp-json\/wp\/v2\/pages\/1127\/revisions\/1471"}],"wp:attachment":[{"href":"https:\/\/freiraum-holzgestaltung.de\/woodi\/wp-json\/wp\/v2\/media?parent=1127"}],"curies":[{"name":"wp","href":"https:\/\/api.w.org\/{rel}","templated":true}]}}