{"id":1117,"date":"2020-11-30T08:27:35","date_gmt":"2020-11-30T08:27:35","guid":{"rendered":"https:\/\/freiraum-holzgestaltung.de\/woodi\/?page_id=1117"},"modified":"2020-12-03T13:30:46","modified_gmt":"2020-12-03T13:30:46","slug":"lastenrad-elektro","status":"publish","type":"page","link":"https:\/\/freiraum-holzgestaltung.de\/woodi\/lastenrad-elektro\/","title":{"rendered":"02 | Lastenrad Elektro Motor"},"content":{"rendered":"<p class=\"has-text-color\" style=\"color:#9d9d9d\">( Beginn Textauszug Bauanleitung)<\/p><h4 class=\"wp-block-heading\"><strong>2.1 Der Xiongda 2-Gang Lastenrad Elektro-Heckmotor im Woodi-Lasten-E-Bike<\/strong><\/h4><p><strong>Dank der 1:8 Berguntersetzung meistert der Xiongda 2-speed<\/strong> Elektroantrieb auch voll beladen Steigungen bis 15% mit ca. 7 km\/h sehr gut und relativ entspannt. Auch 20%ige Anstiege sind durchaus mit ca. 5km\/h noch fahrbar. Man sollte bei l\u00e4ngerer Bergfahrt die Temperatur\u00fcberwachung des Motors im Auge behalten und falls erforderlich eine kleine Pause einlegen, damit der Motor nicht \u00fcberraschend von selbst abschaltet. (Motor hat Selbstschutz mit elektronischer Abschaltung ab ca. 130 Grad)<\/p><figure class=\"wp-block-image size-large is-style-default\"><img loading=\"lazy\" decoding=\"async\" width=\"1024\" height=\"523\" src=\"https:\/\/freiraum-holzgestaltung.de\/woodi\/wp-content\/uploads\/2020\/10\/woodi_lastenrad_holz_ebike_02-1024x523.jpg\" alt=\"Der Xiongda 2-Gang Lastenrad Elektro-Heckmotor\" class=\"wp-image-393\" title=\"Der Xiongda 2-Gang Lastenrad Elektro-Heckmotor im Woodi-Lasten-E-Bike\" srcset=\"https:\/\/freiraum-holzgestaltung.de\/woodi\/wp-content\/uploads\/2020\/10\/woodi_lastenrad_holz_ebike_02-1024x523.jpg 1024w, https:\/\/freiraum-holzgestaltung.de\/woodi\/wp-content\/uploads\/2020\/10\/woodi_lastenrad_holz_ebike_02-300x153.jpg 300w, https:\/\/freiraum-holzgestaltung.de\/woodi\/wp-content\/uploads\/2020\/10\/woodi_lastenrad_holz_ebike_02-500x255.jpg 500w, https:\/\/freiraum-holzgestaltung.de\/woodi\/wp-content\/uploads\/2020\/10\/woodi_lastenrad_holz_ebike_02-768x392.jpg 768w, https:\/\/freiraum-holzgestaltung.de\/woodi\/wp-content\/uploads\/2020\/10\/woodi_lastenrad_holz_ebike_02-1536x785.jpg 1536w, https:\/\/freiraum-holzgestaltung.de\/woodi\/wp-content\/uploads\/2020\/10\/woodi_lastenrad_holz_ebike_02.jpg 1920w\" sizes=\"(max-width: 1024px) 100vw, 1024px\" \/><\/figure><hr class=\"wp-block-separator has-text-color has-background has-cyan-bluish-gray-background-color has-cyan-bluish-gray-color is-style-wide\"\/><figure class=\"wp-block-gallery columns-3 is-cropped wp-block-gallery-1 is-layout-flex wp-block-gallery-is-layout-flex\"><ul class=\"blocks-gallery-grid\"><li class=\"blocks-gallery-item\"><figure><img loading=\"lazy\" decoding=\"async\" width=\"888\" height=\"718\" src=\"https:\/\/freiraum-holzgestaltung.de\/woodi\/wp-content\/uploads\/2020\/12\/01-3.jpg\" alt=\"Lastenrad elektromotor xiongda 2-speed\" data-id=\"1521\" data-full-url=\"https:\/\/freiraum-holzgestaltung.de\/woodi\/wp-content\/uploads\/2020\/12\/01-3.jpg\" data-link=\"https:\/\/freiraum-holzgestaltung.de\/woodi\/lastenrad-elektro\/attachment\/01-5\/#main\" class=\"wp-image-1521\" srcset=\"https:\/\/freiraum-holzgestaltung.de\/woodi\/wp-content\/uploads\/2020\/12\/01-3.jpg 888w, https:\/\/freiraum-holzgestaltung.de\/woodi\/wp-content\/uploads\/2020\/12\/01-3-300x243.jpg 300w, https:\/\/freiraum-holzgestaltung.de\/woodi\/wp-content\/uploads\/2020\/12\/01-3-768x621.jpg 768w, https:\/\/freiraum-holzgestaltung.de\/woodi\/wp-content\/uploads\/2020\/12\/01-3-500x404.jpg 500w\" sizes=\"(max-width: 888px) 100vw, 888px\" \/><\/figure><\/li><li class=\"blocks-gallery-item\"><figure><img loading=\"lazy\" decoding=\"async\" width=\"879\" height=\"500\" src=\"https:\/\/freiraum-holzgestaltung.de\/woodi\/wp-content\/uploads\/2020\/12\/rear-motor-142mm.jpg\" alt=\"Lastenrad elektromotor xiongda 2-speed\" data-id=\"1523\" data-full-url=\"https:\/\/freiraum-holzgestaltung.de\/woodi\/wp-content\/uploads\/2020\/12\/rear-motor-142mm.jpg\" data-link=\"https:\/\/freiraum-holzgestaltung.de\/woodi\/lastenrad-elektro\/attachment\/rear-motor-142mm\/#main\" class=\"wp-image-1523\" srcset=\"https:\/\/freiraum-holzgestaltung.de\/woodi\/wp-content\/uploads\/2020\/12\/rear-motor-142mm.jpg 879w, https:\/\/freiraum-holzgestaltung.de\/woodi\/wp-content\/uploads\/2020\/12\/rear-motor-142mm-300x171.jpg 300w, https:\/\/freiraum-holzgestaltung.de\/woodi\/wp-content\/uploads\/2020\/12\/rear-motor-142mm-768x437.jpg 768w, https:\/\/freiraum-holzgestaltung.de\/woodi\/wp-content\/uploads\/2020\/12\/rear-motor-142mm-500x284.jpg 500w\" sizes=\"(max-width: 879px) 100vw, 879px\" \/><\/figure><\/li><li class=\"blocks-gallery-item\"><figure><img loading=\"lazy\" decoding=\"async\" width=\"888\" height=\"718\" src=\"https:\/\/freiraum-holzgestaltung.de\/woodi\/wp-content\/uploads\/2020\/12\/02-3.jpg\" alt=\"Lastenrad elektromotor xiongda 2-speed\" data-id=\"1522\" data-full-url=\"https:\/\/freiraum-holzgestaltung.de\/woodi\/wp-content\/uploads\/2020\/12\/02-3.jpg\" data-link=\"https:\/\/freiraum-holzgestaltung.de\/woodi\/lastenrad-elektro\/attachment\/02-5\/#main\" class=\"wp-image-1522\" srcset=\"https:\/\/freiraum-holzgestaltung.de\/woodi\/wp-content\/uploads\/2020\/12\/02-3.jpg 888w, https:\/\/freiraum-holzgestaltung.de\/woodi\/wp-content\/uploads\/2020\/12\/02-3-300x243.jpg 300w, https:\/\/freiraum-holzgestaltung.de\/woodi\/wp-content\/uploads\/2020\/12\/02-3-768x621.jpg 768w, https:\/\/freiraum-holzgestaltung.de\/woodi\/wp-content\/uploads\/2020\/12\/02-3-500x404.jpg 500w\" sizes=\"(max-width: 888px) 100vw, 888px\" \/><\/figure><\/li><\/ul><\/figure><hr class=\"wp-block-separator has-text-color has-background has-cyan-bluish-gray-background-color has-cyan-bluish-gray-color is-style-wide\"\/><p><strong>Bei flacheren Steigungen oder wenn man das max. Gesamtgewicht nicht voll ausnutzt,<\/strong> ist es durchaus auch am Berg sinnvoll den 1:4,4 Normalgang zu verwenden, da der 1:8 untersetzte Gang\u00a0 bei 12,5 km\/h abschaltet. Die vorhandene automatische Umschaltung der G\u00e4nge des Lastenrad Elektro Motors verwende ich pers\u00f6nlich fast nie, weil es dann manchmal zu einem Hin- und Herschalten der Untersetzungen kommt (was auf Dauer etwas nervt). F\u00fcr maximalen Woodi-Lastenrad Elektromotor Fahrspa\u00df kann man auf diese Funktion gern verzichten. <\/p><p><strong>Da das Lastenfahrrad f\u00fcr eine relativ gro\u00dfe Zuladung konstruiert wurde<\/strong>, kann man beim Bau ein paar Kilogramm mehr an Eigengewicht zu Gunsten h\u00f6herer Festigkeit und besserer Stra\u00dfenlage gut verkraften. Der Rahmen des Woodi ist auf gr\u00f6\u00dftm\u00f6gliche Stabilit\u00e4t und nicht auf m\u00f6glichst geringes Gewicht ausgelegt, der massive Holzrahmen d\u00e4mpft Ersch\u00fctterungen gut und ist dennoch steif und vibrationsarm. Das Woodi liegt damit im wahrsten Sinne wie das sprichw\u00f6rtliche \u201eBrett auf der Stra\u00dfe\u201c.<\/p><p><strong>Lastenrad fahren im H\u00fcgelland<\/strong> ist vergleichbar mit einer Berg- und Talbahnfahrt &#8211; man sammelt bergan relativ gem\u00e4chlich eine betr\u00e4chtliche Menge an potentieller Energie, und setzt sie dann bergab in Geschwindigkeit um. So fahren auch schwere Lastenr\u00e4der mit erstaunlichen Durchschnittsgeschwindigkeiten. <\/p><figure class=\"wp-block-image size-large is-style-default\"><img loading=\"lazy\" decoding=\"async\" width=\"1000\" height=\"926\" src=\"https:\/\/freiraum-holzgestaltung.de\/woodi\/wp-content\/uploads\/2020\/10\/schraegvonhinten_autobahn.jpg\" alt=\"Woodi Elektro Fahrrad mit Holz-Rahmen und Xiongda 2-speed Lastenrad Elektromotor\" class=\"wp-image-388\" srcset=\"https:\/\/freiraum-holzgestaltung.de\/woodi\/wp-content\/uploads\/2020\/10\/schraegvonhinten_autobahn.jpg 1000w, https:\/\/freiraum-holzgestaltung.de\/woodi\/wp-content\/uploads\/2020\/10\/schraegvonhinten_autobahn-300x278.jpg 300w, https:\/\/freiraum-holzgestaltung.de\/woodi\/wp-content\/uploads\/2020\/10\/schraegvonhinten_autobahn-500x463.jpg 500w, https:\/\/freiraum-holzgestaltung.de\/woodi\/wp-content\/uploads\/2020\/10\/schraegvonhinten_autobahn-768x711.jpg 768w\" sizes=\"(max-width: 1000px) 100vw, 1000px\" \/><\/figure><p><strong>Mit dem Woodi-Cargo-Bike liegen die Durchschnittsgeschwindigkeiten<\/strong> auf gleicher Strecke fast immer etwa 5 km\/h h\u00f6her als mit den anderen hier vorgestellten Lastenr\u00e4dern. Obwohl alle E-Bike\u2018s einheitlich nur bis 25 km\/h vom Motor unterst\u00fctzt werden. Das liegt zum einen an dem effizienten 2-Gang Heckmotor, der mit der 1:8 Untersetzung wirklich gut die Berge hochzieht ohne zu \u00fcberhitzen. <\/p><p><strong>Zweitens wirkt sich vermutlich das relativ hohe Eigengewicht<\/strong> auch in der Ebene positiv aus. Das klingt erst einmal etwas seltsam, Fahrr\u00e4der sollen ja vor allem federleicht konstruiert sein. Doch einmal auf Geschwindigkeit rollt Woodi locker und leicht auch ohne Lastenrad Elektro Motor Unterst\u00fctzung schnell voran. Ich fahre in der Ebene meistens mit den Stufen\u00a0 1\/2 (das sind nur etwa 50 Watt\/100 Watt zus\u00e4tzliche Leistung). Wenn der Motor bei 25 km\/h abschaltet, l\u00e4sst sich das Rad per reiner Muskelkraft locker bis 30 km\/h beschleunigen. Da der Heckmotor keinen internen Widerstand hat wie etwa der Bosch-Mittelmotor, l\u00e4sst sich diese Geschwindigkeit halten, ohne dass man sich bedingungslos auspowern muss. Das gilt nat\u00fcrlich nur bei relativ ebenen, glatten Fahrbahnen und ohne nennenswerten Gegenwind. <\/p><p><strong>Im Gel\u00e4nde sind die Rollwiderst\u00e4nde<\/strong> viel gr\u00f6\u00dfer und die Stufen 3\/4 (mit etwa 250 Watt\/350 Watt Leistung) sind dort angebrachter. Die Stufe 5 (je nach Akku Ladezustand\/Restspannung sind das ca. 500-600 Watt Leistung) des Lastenrad Elektro Xiongda Heckmotors ben\u00f6tigt man nur an starken Steigungen bis ca. 15% oder wenn man im \u201enormalen\u201c Stra\u00dfenverkehr gut mitschwimmen m\u00f6chte. Herk\u00f6mmliche Nabenmotoren gehen am Berg meistens in die Knie, wenn die Geschwindigkeit unter ca. 10 km\/h f\u00e4llt. Die Motoren setzen dann viel mehr Energie in W\u00e4rme um als in mechanische Leistung. Dank der Berguntersetzung von 1:8 l\u00e4uft der Xiongda-Motor oberhalb von ca. 5km\/h noch im akzeptablen Bereich und gut rund.<\/p><p><strong>Noch ein kleines nettes Detail des 2-Gang Motors: <\/strong>Die Umschaltung der G\u00e4nge erfolgt intern rein elektronisch: Durch einfache Drehrichtungsumkehr wird im Berggang ein zweite Untersetzungsstufe aktiviert &#8211; es gibt somit keine zus\u00e4tzliche anf\u00e4llige Mechanik wie Hebel o.\u00c4. f\u00fcr die Schaltung der zwei G\u00e4nge im Heckmotor. Der Lastenrad Elektromotor Xiongda 2-speed vereint Mechanik sinnvoll mit Elektronik und verrichtet seine Elektroarbeit unauff\u00e4llig im Hinterrad&#8230;<\/p><p><\/p><div style=\"height:30px\" aria-hidden=\"true\" class=\"wp-block-spacer\"><\/div><figure class=\"wp-block-image size-large is-resized is-style-default\"><img loading=\"lazy\" decoding=\"async\" src=\"https:\/\/freiraum-holzgestaltung.de\/woodi\/wp-content\/uploads\/2020\/12\/03.jpg\" alt=\"Lastenrad Elektro Mittelmotor im Lastenfahrrad Multicharger von Riese &amp; M\u00fcller\" class=\"wp-image-1326\" width=\"924\" height=\"690\" srcset=\"https:\/\/freiraum-holzgestaltung.de\/woodi\/wp-content\/uploads\/2020\/12\/03.jpg 800w, https:\/\/freiraum-holzgestaltung.de\/woodi\/wp-content\/uploads\/2020\/12\/03-300x224.jpg 300w, https:\/\/freiraum-holzgestaltung.de\/woodi\/wp-content\/uploads\/2020\/12\/03-768x573.jpg 768w, https:\/\/freiraum-holzgestaltung.de\/woodi\/wp-content\/uploads\/2020\/12\/03-500x373.jpg 500w\" sizes=\"(max-width: 924px) 100vw, 924px\" \/><\/figure><h4 class=\"wp-block-heading\"><strong>2.2 Ist Der Bosch Performance-CX-Mittelmotor im Multicharger von Riese &amp; M\u00fcller ein Lastenrad Elektromotor?<\/strong><\/h4><p><strong>In der Ebene ist mit dem Multicharger ab ca. 25 km\/h ein merklicher Tretwiderstand zu sp\u00fcren. <\/strong>Die interne \u00dcbersetzung des ansonsten kr\u00e4ftigen Bosch CX-Mittelmotors (2.Generation) und das vordere sehr kleine Kettenblatt d\u00fcrften der Grund daf\u00fcr sein. Man kann mit reiner Muskelkraft nach elektronischer Motorabregelung durchaus schneller fahren, hat aber immer diesen zus\u00e4tzlichen Widerstand zu \u00fcberwinden.<\/p><p><strong>Am Berg mit Motor ist der Multicharger<\/strong> auch mit moderater Last sehr kletterfreudig &#8211; da der Motor die Kettenschaltung mit nutzen kann ist das logisch. Die von Bosch angegebenen 75 Nm Drehmoment muss man allerdings differenziert betrachten, weil bei Mittelmotoren generell das Drehmoment je nach gew\u00e4hltem Gang durch die Kettenschaltung reduziert wird. Bei Heckmotoren liegt das Drehmoment direkt da an, wo es gebraucht wird &#8211; am Hinterrad. <\/p><figure class=\"wp-block-gallery columns-3 is-cropped wp-block-gallery-2 is-layout-flex wp-block-gallery-is-layout-flex\"><ul class=\"blocks-gallery-grid\"><li class=\"blocks-gallery-item\"><figure><img loading=\"lazy\" decoding=\"async\" width=\"1000\" height=\"671\" src=\"https:\/\/freiraum-holzgestaltung.de\/woodi\/wp-content\/uploads\/2020\/12\/01.jpg\" alt=\"Elektro Lastenrad Mittelmotor im Lastenfahrrad Multicharger von Riese &amp; M\u00fcller\" data-id=\"1324\" data-full-url=\"https:\/\/freiraum-holzgestaltung.de\/woodi\/wp-content\/uploads\/2020\/12\/01.jpg\" data-link=\"https:\/\/freiraum-holzgestaltung.de\/woodi\/lastenrad-elektro\/attachment\/01-2\/#main\" class=\"wp-image-1324\" srcset=\"https:\/\/freiraum-holzgestaltung.de\/woodi\/wp-content\/uploads\/2020\/12\/01.jpg 1000w, https:\/\/freiraum-holzgestaltung.de\/woodi\/wp-content\/uploads\/2020\/12\/01-300x201.jpg 300w, https:\/\/freiraum-holzgestaltung.de\/woodi\/wp-content\/uploads\/2020\/12\/01-768x515.jpg 768w, https:\/\/freiraum-holzgestaltung.de\/woodi\/wp-content\/uploads\/2020\/12\/01-500x336.jpg 500w\" sizes=\"(max-width: 1000px) 100vw, 1000px\" \/><\/figure><\/li><li class=\"blocks-gallery-item\"><figure><img loading=\"lazy\" decoding=\"async\" width=\"930\" height=\"535\" src=\"https:\/\/freiraum-holzgestaltung.de\/woodi\/wp-content\/uploads\/2020\/12\/04.jpg\" alt=\"Elektro Lastenrad Mittelmotor \" data-id=\"1327\" data-full-url=\"https:\/\/freiraum-holzgestaltung.de\/woodi\/wp-content\/uploads\/2020\/12\/04.jpg\" data-link=\"https:\/\/freiraum-holzgestaltung.de\/woodi\/lastenrad-elektro\/attachment\/04-2\/#main\" class=\"wp-image-1327\" srcset=\"https:\/\/freiraum-holzgestaltung.de\/woodi\/wp-content\/uploads\/2020\/12\/04.jpg 930w, https:\/\/freiraum-holzgestaltung.de\/woodi\/wp-content\/uploads\/2020\/12\/04-300x173.jpg 300w, https:\/\/freiraum-holzgestaltung.de\/woodi\/wp-content\/uploads\/2020\/12\/04-768x442.jpg 768w, https:\/\/freiraum-holzgestaltung.de\/woodi\/wp-content\/uploads\/2020\/12\/04-500x288.jpg 500w\" sizes=\"(max-width: 930px) 100vw, 930px\" \/><\/figure><\/li><li class=\"blocks-gallery-item\"><figure><img loading=\"lazy\" decoding=\"async\" width=\"1000\" height=\"893\" src=\"https:\/\/freiraum-holzgestaltung.de\/woodi\/wp-content\/uploads\/2020\/12\/02.jpg\" alt=\" Mittelmotor im Lastenrad Multicharger von Riese &amp; M\u00fcller\" data-id=\"1325\" data-full-url=\"https:\/\/freiraum-holzgestaltung.de\/woodi\/wp-content\/uploads\/2020\/12\/02.jpg\" data-link=\"https:\/\/freiraum-holzgestaltung.de\/woodi\/lastenrad-elektro\/attachment\/02-2\/#main\" class=\"wp-image-1325\" srcset=\"https:\/\/freiraum-holzgestaltung.de\/woodi\/wp-content\/uploads\/2020\/12\/02.jpg 1000w, https:\/\/freiraum-holzgestaltung.de\/woodi\/wp-content\/uploads\/2020\/12\/02-300x268.jpg 300w, https:\/\/freiraum-holzgestaltung.de\/woodi\/wp-content\/uploads\/2020\/12\/02-768x686.jpg 768w, https:\/\/freiraum-holzgestaltung.de\/woodi\/wp-content\/uploads\/2020\/12\/02-500x447.jpg 500w\" sizes=\"(max-width: 1000px) 100vw, 1000px\" \/><\/figure><\/li><\/ul><\/figure><figure class=\"wp-block-embed-youtube wp-block-embed is-type-video is-provider-youtube wp-embed-aspect-16-9 wp-has-aspect-ratio\"><div class=\"wp-block-embed__wrapper\">\n<iframe loading=\"lazy\" title=\"Review | Multicharger | riese &amp; mueller | Test | Wooden Cargo Bike\" width=\"1200\" height=\"675\" src=\"https:\/\/www.youtube.com\/embed\/zP262Z8tXoQ?start=14&#038;feature=oembed\" frameborder=\"0\" allow=\"accelerometer; autoplay; clipboard-write; encrypted-media; gyroscope; picture-in-picture\" allowfullscreen><\/iframe>\n<\/div><\/figure><p><strong>Deshalb bringt ein Heckmotor mit beispielsweise 40 Nm<\/strong> bei ausreichend hoher Drehzahl etwa genau so viel Schubkraft wie ein Lastenrad Elektromittelmotor mit 80 Nm, der \u00fcber die Kettenschaltung in einem mittleren Gang etwa 1:2 \u00fcbersetzt ist. Im gro\u00dfen Gang mit z.B. einer \u00dcbersetzung von 1:3,5 kommen dann von den phantastischen 80 Nm nur noch rund 23 Nm am Hinterrad an. Wie viel Vortriebskraft davon auf der Stra\u00dfe ankommt, richtet sich nat\u00fcrlich letztendlich auch nach Laufradgr\u00f6\u00dfe und den Verlusten im Antriebsstrang. <\/p><p><strong>Der Raddurchmesser hat beim Heckmotor den gleichen Einfluss<\/strong> &#8211; die Reibungsverluste im Kettengetriebe spielen f\u00fcr den Nabenmotor aber keine Rolle sondern nur f\u00fcr den Bio-Teil der Antriebsleistung. Der 2te Gang des Xiongda erzeugt sogar aus den urspr\u00fcnglich bei 4.4:1 Untersetzung anliegenden 40 Nm durch die 8:1 Untersetzung im Berggang ein Drehmoment von rechnerisch ca. 72 Nm, die direkt am Rad anliegen. Nat\u00fcrlich treten auch dort Reibungsverluste durch die interne Untersetzung des Planetengetriebes auf. Das gilt au\u00dfer f\u00fcr Direktl\u00e4ufer aber f\u00fcr fast alle Arten von E-Bike-Motoren&#8230;<\/p><p class=\"has-cyan-bluish-gray-color has-text-color\">( Ende Textauszug Lastenrad Elektromotor Bauanleitung)<\/p><div class=\"wp-block-media-text is-stacked-on-mobile is-vertically-aligned-bottom\" style=\"grid-template-columns:38% auto\"><figure class=\"wp-block-media-text__media\"><a href=\"https:\/\/freiraum-holzgestaltung.de\/woodi\/produkt\/basic-lizenz\/\"><img loading=\"lazy\" decoding=\"async\" width=\"500\" height=\"698\" src=\"https:\/\/freiraum-holzgestaltung.de\/woodi\/wp-content\/uploads\/2020\/05\/holz_lastenrad01.jpg\" alt=\"e-bike Lastenrad selber bauen Endmontage\" class=\"wp-image-542\" srcset=\"https:\/\/freiraum-holzgestaltung.de\/woodi\/wp-content\/uploads\/2020\/05\/holz_lastenrad01.jpg 500w, https:\/\/freiraum-holzgestaltung.de\/woodi\/wp-content\/uploads\/2020\/05\/holz_lastenrad01-300x419.jpg 300w\" sizes=\"(max-width: 500px) 100vw, 500px\" \/><\/a><\/figure><div class=\"wp-block-media-text__content\"><div class=\"gb-button-wrapper gb-button-wrapper-04d29fe1\"><p><strong>Weiter lesen in der 69 seitigen Lastenrad-Bauanleitung<\/strong> mit 95 Abbildungen, Zeichnungen und Tabellen. Ratgeber mit Praxis-Tipp&#8217;s und detaillierten Schritt-f\u00fcr-Schritt-Anleitungen&#8230;<\/p>\n\n<div style=\"height:50px\" aria-hidden=\"true\" class=\"wp-block-spacer\"><\/div>\n\n<a class=\"gb-button gb-button-33974e04\" href=\"https:\/\/freiraum-holzgestaltung.de\/woodi\/produkt\/basic-lizenz\/\"><span class=\"gb-icon\"><svg aria-hidden=\"true\" height=\"1em\" width=\"1em\" viewBox=\"0 0 256 512\" xmlns=\"http:\/\/www.w3.org\/2000\/svg\"><path fill=\"currentColor\" d=\"M224.3 273l-136 136c-9.4 9.4-24.6 9.4-33.9 0l-22.6-22.6c-9.4-9.4-9.4-24.6 0-33.9l96.4-96.4-96.4-96.4c-9.4-9.4-9.4-24.6 0-33.9L54.3 103c9.4-9.4 24.6-9.4 33.9 0l136 136c9.5 9.4 9.5 24.6.1 34z\"><\/path><\/svg><\/span><span class=\"button-text\">mehr lesen &#8230;<\/span><\/a>\n\n<p><\/p><\/div><\/div><\/div><div style=\"height:100px\" aria-hidden=\"true\" class=\"wp-block-spacer\"><\/div><p><a rel=\"noreferrer noopener\" class=\"rank-math-link\" href=\"https:\/\/www.youtube.com\/channel\/UCZgPGfpSYbXP_LyLwPWfEuA\" target=\"_blank\">&gt;&gt;&gt; Lastenrad Kanal auf youtube<\/a><\/p>","protected":false},"excerpt":{"rendered":"<p>( Beginn Textauszug Bauanleitung) 2.1 Der Xiongda 2-Gang Lastenrad Elektro-Heckmotor im Woodi-Lasten-E-Bike Dank der 1:8 Berguntersetzung meistert der Xiongda 2-speed Elektroantrieb auch voll beladen Steigungen bis 15% mit ca. 7 km\/h sehr gut und relativ entspannt. Auch 20%ige Anstiege sind durchaus mit ca. 5km\/h noch fahrbar. Man sollte bei l\u00e4ngerer Bergfahrt die Temperatur\u00fcberwachung des Motors &#8230; <\/p>\n<p class=\"read-more-container\"><a title=\"02 | Lastenrad Elektro Motor\" class=\"read-more button\" href=\"https:\/\/freiraum-holzgestaltung.de\/woodi\/lastenrad-elektro\/#more-1117\">Continue<span class=\"screen-reader-text\">02 | Lastenrad Elektro Motor<\/span><\/a><\/p>\n","protected":false},"author":1,"featured_media":0,"parent":0,"menu_order":0,"comment_status":"closed","ping_status":"closed","template":"","meta":{"footnotes":""},"_links":{"self":[{"href":"https:\/\/freiraum-holzgestaltung.de\/woodi\/wp-json\/wp\/v2\/pages\/1117"}],"collection":[{"href":"https:\/\/freiraum-holzgestaltung.de\/woodi\/wp-json\/wp\/v2\/pages"}],"about":[{"href":"https:\/\/freiraum-holzgestaltung.de\/woodi\/wp-json\/wp\/v2\/types\/page"}],"author":[{"embeddable":true,"href":"https:\/\/freiraum-holzgestaltung.de\/woodi\/wp-json\/wp\/v2\/users\/1"}],"replies":[{"embeddable":true,"href":"https:\/\/freiraum-holzgestaltung.de\/woodi\/wp-json\/wp\/v2\/comments?post=1117"}],"version-history":[{"count":21,"href":"https:\/\/freiraum-holzgestaltung.de\/woodi\/wp-json\/wp\/v2\/pages\/1117\/revisions"}],"predecessor-version":[{"id":1749,"href":"https:\/\/freiraum-holzgestaltung.de\/woodi\/wp-json\/wp\/v2\/pages\/1117\/revisions\/1749"}],"wp:attachment":[{"href":"https:\/\/freiraum-holzgestaltung.de\/woodi\/wp-json\/wp\/v2\/media?parent=1117"}],"curies":[{"name":"wp","href":"https:\/\/api.w.org\/{rel}","templated":true}]}}