{"id":1114,"date":"2020-11-30T07:55:15","date_gmt":"2020-11-30T07:55:15","guid":{"rendered":"https:\/\/freiraum-holzgestaltung.de\/woodi\/?page_id=1114"},"modified":"2020-12-06T10:46:29","modified_gmt":"2020-12-06T10:46:29","slug":"lastenrad-rahmen","status":"publish","type":"page","link":"https:\/\/freiraum-holzgestaltung.de\/woodi\/lastenrad-rahmen\/","title":{"rendered":"01 | Lastenrad Rahmen"},"content":{"rendered":"<h3 class=\"wp-block-heading\"><strong>Teil II Konstruktion &amp; Bau<\/strong> (Lastenrad Rahmen)<\/h3><p class=\"has-cyan-bluish-gray-color has-text-color\">( Beginn Textauszug Bauanleitung)<\/p><p>Die Konstruktion des Lastenrad Rahmens ist so unkompliziert wie m\u00f6glich gehalten und als Kreuzrahmen mit angesch\u00e4ftetem Hinterbau ausgef\u00fchrt. Der vordere Teil des Rahmens und der Sitz- bzw. Tretlagerholm sind&#8230;<\/p><figure class=\"wp-block-gallery columns-3 is-cropped wp-block-gallery-1 is-layout-flex wp-block-gallery-is-layout-flex\"><ul class=\"blocks-gallery-grid\"><li class=\"blocks-gallery-item\"><figure><img loading=\"lazy\" decoding=\"async\" width=\"1000\" height=\"368\" src=\"https:\/\/freiraum-holzgestaltung.de\/woodi\/wp-content\/uploads\/2020\/12\/05.jpg\" alt=\"Lastenrad Rahmen Fahrrad-Rahmen-Bau\" data-id=\"1292\" data-full-url=\"https:\/\/freiraum-holzgestaltung.de\/woodi\/wp-content\/uploads\/2020\/12\/05.jpg\" data-link=\"https:\/\/freiraum-holzgestaltung.de\/woodi\/holz-fahrrad-rahmen-bauen\/attachment\/05-2\/#main\" class=\"wp-image-1292\" srcset=\"https:\/\/freiraum-holzgestaltung.de\/woodi\/wp-content\/uploads\/2020\/12\/05.jpg 1000w, https:\/\/freiraum-holzgestaltung.de\/woodi\/wp-content\/uploads\/2020\/12\/05-300x110.jpg 300w, https:\/\/freiraum-holzgestaltung.de\/woodi\/wp-content\/uploads\/2020\/12\/05-768x283.jpg 768w, https:\/\/freiraum-holzgestaltung.de\/woodi\/wp-content\/uploads\/2020\/12\/05-500x184.jpg 500w\" sizes=\"(max-width: 1000px) 100vw, 1000px\" \/><\/figure><\/li><li class=\"blocks-gallery-item\"><figure><img loading=\"lazy\" decoding=\"async\" width=\"1000\" height=\"605\" src=\"https:\/\/freiraum-holzgestaltung.de\/woodi\/wp-content\/uploads\/2020\/11\/erstesmal_aufraedern.jpg\" alt=\"Lastenrad Rahmen \" data-id=\"1228\" data-full-url=\"https:\/\/freiraum-holzgestaltung.de\/woodi\/wp-content\/uploads\/2020\/11\/erstesmal_aufraedern.jpg\" data-link=\"https:\/\/freiraum-holzgestaltung.de\/woodi\/lastenfahrrad-e-bike-bauanleitung\/attachment\/erstesmal_aufraedern\/#main\" class=\"wp-image-1228\" srcset=\"https:\/\/freiraum-holzgestaltung.de\/woodi\/wp-content\/uploads\/2020\/11\/erstesmal_aufraedern.jpg 1000w, https:\/\/freiraum-holzgestaltung.de\/woodi\/wp-content\/uploads\/2020\/11\/erstesmal_aufraedern-300x182.jpg 300w, https:\/\/freiraum-holzgestaltung.de\/woodi\/wp-content\/uploads\/2020\/11\/erstesmal_aufraedern-768x465.jpg 768w, https:\/\/freiraum-holzgestaltung.de\/woodi\/wp-content\/uploads\/2020\/11\/erstesmal_aufraedern-500x303.jpg 500w\" sizes=\"(max-width: 1000px) 100vw, 1000px\" \/><\/figure><\/li><li class=\"blocks-gallery-item\"><figure><img loading=\"lazy\" decoding=\"async\" width=\"1000\" height=\"600\" src=\"https:\/\/freiraum-holzgestaltung.de\/woodi\/wp-content\/uploads\/2020\/10\/seitlich_erde.jpg\" alt=\"Woodi mit Xiongda Elektro-Heckmotor\" data-id=\"390\" data-full-url=\"https:\/\/freiraum-holzgestaltung.de\/woodi\/wp-content\/uploads\/2020\/10\/seitlich_erde.jpg\" data-link=\"https:\/\/freiraum-holzgestaltung.de\/woodi\/home\/attachment\/seitlich_erde\/#main\" class=\"wp-image-390\" srcset=\"https:\/\/freiraum-holzgestaltung.de\/woodi\/wp-content\/uploads\/2020\/10\/seitlich_erde.jpg 1000w, https:\/\/freiraum-holzgestaltung.de\/woodi\/wp-content\/uploads\/2020\/10\/seitlich_erde-300x180.jpg 300w, https:\/\/freiraum-holzgestaltung.de\/woodi\/wp-content\/uploads\/2020\/10\/seitlich_erde-500x300.jpg 500w, https:\/\/freiraum-holzgestaltung.de\/woodi\/wp-content\/uploads\/2020\/10\/seitlich_erde-768x461.jpg 768w\" sizes=\"(max-width: 1000px) 100vw, 1000px\" \/><\/figure><\/li><\/ul><\/figure><h4 class=\"wp-block-heading\"><strong>2.1 Der Kreuzrahmen <\/strong><\/h4><p><strong>Eine Holzkonstruktion mit diesen Abmessungen und einer freien Auflagel\u00e4nge von etwa 140 cm<\/strong> (was dem Abstand von Steuerkopf bis zur Hinterachaufnahme entspricht) kann rein Statisch betrachtet mit einer Last von ca. 460 kg belastet werden. Dabei liegen die Tragf\u00e4higkeitswerte nach Eurocode 5&nbsp; bei ca. 88 bzw. 76% der maximal zul\u00e4ssigen Biege- bzw. Schubspannung. Theoretisch tragen schichtverleimte Holz&#8230;<\/p><p><strong>So ergeben sich f\u00fcr die sp\u00e4tere Verklebung und Montage der Rohre <\/strong>einfach zu pr\u00fcfende Winkelverh\u00e4ltnisse. Im Zusammenspiel mit dem Radstand von 156 cm und den 27,5 Zoll-Laufr\u00e4dern entsteht so ein Steuerkopfwinkel von 66 Grad bei 115mm Nachlauf. <\/p><p><strong>Langer Radstand und Nachlauf<\/strong> verleihen dem Woodi einen guten Geradeauslauf und auch im beladenen Zustand ein angenehm ruhiges Fahrverhalten&#8230;<\/p><p>&#8230;<\/p><figure class=\"wp-block-image size-large is-style-default\"><img loading=\"lazy\" decoding=\"async\" width=\"1024\" height=\"576\" src=\"https:\/\/freiraum-holzgestaltung.de\/woodi\/wp-content\/uploads\/2020\/10\/woodi_bau06-1024x576.jpg\" alt=\"Lastenrad | Rahmen im Rohbau\" class=\"wp-image-52\" title=\"Lastenrad | Rahmen im Rohbau\" srcset=\"https:\/\/freiraum-holzgestaltung.de\/woodi\/wp-content\/uploads\/2020\/10\/woodi_bau06-1024x576.jpg 1024w, https:\/\/freiraum-holzgestaltung.de\/woodi\/wp-content\/uploads\/2020\/10\/woodi_bau06-300x169.jpg 300w, https:\/\/freiraum-holzgestaltung.de\/woodi\/wp-content\/uploads\/2020\/10\/woodi_bau06-500x281.jpg 500w, https:\/\/freiraum-holzgestaltung.de\/woodi\/wp-content\/uploads\/2020\/10\/woodi_bau06-768x432.jpg 768w, https:\/\/freiraum-holzgestaltung.de\/woodi\/wp-content\/uploads\/2020\/10\/woodi_bau06-1536x864.jpg 1536w, https:\/\/freiraum-holzgestaltung.de\/woodi\/wp-content\/uploads\/2020\/10\/woodi_bau06.jpg 1920w\" sizes=\"(max-width: 1024px) 100vw, 1024px\" \/><\/figure><h4 class=\"wp-block-heading\"><strong>2.2 Ma\u00dfe <\/strong><\/h4><p><strong>In der nebenstehenden Abbildung ist die Konstruktion des Woodi <\/strong>mit den dazugeh\u00f6rigen Ma\u00dfangaben dargestellt. Die Ma\u00dfe des Lastenrad Rahmens kannst Du prinzipiell so aus der Zeichnung f\u00fcr Dein Projekt \u00fcbernehmen, sie gelten universell f\u00fcr&#8230;<\/p><p><strong>Das Beispiel-Woodi <\/strong>auf den Fotos dieser Anleitung hat einen 73 cm breiten, relativ flachen MTB-Lenker. Damit ergibt sich&nbsp; bei einer Fahrergr\u00f6\u00dfe von 185cm eine eher sportliche Fahrposition. F\u00fcr eine aufrechtere, bequemere Fahrhaltung&#8230;<\/p><p>&#8230;<\/p><h4 class=\"wp-block-heading\"><strong>2.3 Vorbereiten der Teile<\/strong><\/h4><p><strong>Ist gekl\u00e4rt, f\u00fcr welche K\u00f6rpergr\u00f6\u00dfe das Lastenrad<\/strong> ausgelegt werden soll, k\u00f6nnen die Ma\u00dfe aus der Zeichnung auf unser plangehobeltes, trockenes und 22 mm starkes Rohholz \u00fcbertragen werden. Details zu Auswahl und Vorbereitung des Holzes sind im Abschnitt \u201eHolz-Grundlagen\u201c ausgef\u00fchrt. Alle Einzellagen haben vorerst eine einheitliche Breite von&#8230;<\/p><p><strong>Erst nach Auflegen, Bohren<\/strong> und probeweisem Befestigen der Tretlager- bzw. Ausfallendscheiben werden die Radien an diesen Stellen mit Hilfe von zwei Stahlronden exakt auf das Endma\u00df von&#8230;<\/p><p>&#8230;<\/p><p><strong>Nachdem die hinteren Ausfallenden so vorbereitet sind<\/strong> wird die Winkelsch\u00e4ftung an beide hintere Tragholme gehobelt. Das Einbauma\u00df des Xiongda 2-speed Heckmotors betr\u00e4gt im Normalfall 145 mm. Dazu kommen noch 6 mm f\u00fcr die zwei inneren Stahlronden und 9 mm f\u00fcr&#8230;<\/p><p><strong>Jetzt wird es ein bisschen knifflig.<\/strong> Da der Heckmotor etwas unsymmetrisch eingespeicht ist, muss das rechte Ausfallende des Lastenrad Rahmens geringf\u00fcgig mehr angesch\u00e4ftet werden als das Linke. Deshalb wird dieser Arbeitsschritt im folgenden sehr detailliert beschrieben. Das Differenzma\u00df zur Symetrieachse betr\u00e4gt weniger als&#8230;<\/p><p>&#8230;<\/p><h4 class=\"wp-block-heading\"><strong>2.4 Rahmenteile montieren <\/strong><\/h4><p><strong>Vorderrahmen und die beiden hinteren Tr\u00e4ger<\/strong> k\u00f6nnen jetzt dauerhaft verbunden werden. Dazu hat sich eine kleine Montage-Hilfsreling gut bew\u00e4hrt, sie ist aus zwei&#8230;<\/p><p><strong>Nun sichern wir das Rahmenteil <\/strong>mit zwei Schraubzwingen. Wir richten das Ganze sowohl quer als auch l\u00e4ngs der gedachten Rahmenachse mit Hilfe einer Wasserwaage senkrecht und waagerecht genau aus. Jetzt k\u00f6nnen wir die hinteren Tr\u00e4ger des Lastenrad Rahmens an der vorher angebrachten Markierung am vorderen Holm festzwingen, unser lichtes Ma\u00df am Ausfallende von&#8230;<\/p><p>&#8230;<\/p><h4 class=\"wp-block-heading\"><strong>2.5 Rahmenbohrungen<\/strong> <\/h4><p><strong>Nach dem Aush\u00e4rten<\/strong> und Entfernen ausgetretener Harzreste werden die Bohrungen f\u00fcr Tretlager, Steuerkopfrohr und Sattelrohr des Lastenrad Rahmens jeweils genau&#8230;<\/p><p><strong>Danach bohren wir die vier Durchgangsbohrungen f\u00fcr die H\u00fclsenmuttern<\/strong> und Gewindest\u00e4be M8 entsprechend der schon gebohrten Haltescheiben des Tretlagers. Jetzt wird der Rahmen wieder aufgestellt und waagerecht fixiert. Es folgen..<\/p><p>&#8230;<\/p><p><strong>Jetzt kannst Du dir ruhig mal auf die Schulter klopfen.<\/strong> Das Bohren dieses Langlochs ist das schwierigste am ganzen Woodi-Rahmenbau, mit der oben beschriebenen Hilfsvorrichtung aber problemlos zu meistern&#8230;<\/p><p>&#8230;<\/p><h4 class=\"wp-block-heading\"><strong>2.6 Einkleben der Rohre <\/strong><\/h4><p>Sowohl Sattelrohr als auch das nahtlose Steuerrohr werden jetzt dauerhaft fest mit dem Holzrahmen verbunden. Dazu gibt man dem Epoxidharz etwa&#8230;<\/p><p class=\"has-cyan-bluish-gray-color has-text-color\">( Ende Textauszug Bauanleitung)<\/p><div style=\"height:100px\" aria-hidden=\"true\" class=\"wp-block-spacer\"><\/div><p><a rel=\"noreferrer noopener\" href=\"https:\/\/www.youtube.com\/channel\/UCZgPGfpSYbXP_LyLwPWfEuA\" target=\"_blank\">&gt;&gt;&gt; Lastenrad Kanal auf youtube<\/a><\/p>","protected":false},"excerpt":{"rendered":"<p>Teil II Konstruktion &amp; Bau (Lastenrad Rahmen) ( Beginn Textauszug Bauanleitung) Die Konstruktion des Lastenrad Rahmens ist so unkompliziert wie m\u00f6glich gehalten und als Kreuzrahmen mit angesch\u00e4ftetem Hinterbau ausgef\u00fchrt. Der vordere Teil des Rahmens und der Sitz- bzw. Tretlagerholm sind&#8230; 2.1 Der Kreuzrahmen Eine Holzkonstruktion mit diesen Abmessungen und einer freien Auflagel\u00e4nge von etwa 140 &#8230; <\/p>\n<p class=\"read-more-container\"><a title=\"01 | Lastenrad Rahmen\" class=\"read-more button\" href=\"https:\/\/freiraum-holzgestaltung.de\/woodi\/lastenrad-rahmen\/#more-1114\">Continue<span class=\"screen-reader-text\">01 | Lastenrad Rahmen<\/span><\/a><\/p>\n","protected":false},"author":1,"featured_media":0,"parent":0,"menu_order":0,"comment_status":"closed","ping_status":"closed","template":"","meta":{"footnotes":""},"_links":{"self":[{"href":"https:\/\/freiraum-holzgestaltung.de\/woodi\/wp-json\/wp\/v2\/pages\/1114"}],"collection":[{"href":"https:\/\/freiraum-holzgestaltung.de\/woodi\/wp-json\/wp\/v2\/pages"}],"about":[{"href":"https:\/\/freiraum-holzgestaltung.de\/woodi\/wp-json\/wp\/v2\/types\/page"}],"author":[{"embeddable":true,"href":"https:\/\/freiraum-holzgestaltung.de\/woodi\/wp-json\/wp\/v2\/users\/1"}],"replies":[{"embeddable":true,"href":"https:\/\/freiraum-holzgestaltung.de\/woodi\/wp-json\/wp\/v2\/comments?post=1114"}],"version-history":[{"count":27,"href":"https:\/\/freiraum-holzgestaltung.de\/woodi\/wp-json\/wp\/v2\/pages\/1114\/revisions"}],"predecessor-version":[{"id":1624,"href":"https:\/\/freiraum-holzgestaltung.de\/woodi\/wp-json\/wp\/v2\/pages\/1114\/revisions\/1624"}],"wp:attachment":[{"href":"https:\/\/freiraum-holzgestaltung.de\/woodi\/wp-json\/wp\/v2\/media?parent=1114"}],"curies":[{"name":"wp","href":"https:\/\/api.w.org\/{rel}","templated":true}]}}